{"id":2191,"date":"2023-04-27T02:28:12","date_gmt":"2023-04-27T00:28:12","guid":{"rendered":"https:\/\/colegios.educarex.es\/curso\/?page_id=2191"},"modified":"2023-04-27T12:57:49","modified_gmt":"2023-04-27T10:57:49","slug":"practica-viii-galerias-y-eventos","status":"publish","type":"page","link":"https:\/\/colegios.educarex.es\/curso\/practica-viii-galerias-y-eventos\/","title":{"rendered":"Pr\u00e1ctica VIII. Galer\u00edas y Eventos"},"content":{"rendered":"\n<h3 class=\"wp-block-heading\">A.- Album Gallery Pro<\/h3>\n\n\n\n<ul class=\"wp-block-list\">\n<li>Crea una nueva galer\u00eda fotogr\u00e1fica con este plugin. Utiliza para ello las im\u00e1genes de la carpeta galer\u00edas de en los materiales descargados. Establece la imagen del \u00e1lbum. <a href=\"https:\/\/colegios.educarex.es\/curso\/practica-viii-galerias-y-eventos-soluciones\/#crea_galeria\" target=\"_blank\" aria-label=\" (opens in a new tab)\" rel=\"noreferrer noopener\" class=\"ek-link\"><img loading=\"lazy\" decoding=\"async\" width=\"24\" height=\"24\" class=\"wp-image-1859\" style=\"width: 24px;\" src=\"https:\/\/colegios.educarex.es\/curso\/wp-content\/uploads\/sites\/27\/2023\/04\/ayuda-2.png\" alt=\"bot\u00f3n ayuda\"><\/a><\/li>\n<\/ul>\n\n\n\n<p><em>Men\u00fa lateral -&gt; Album Gallery Pro -&gt; A\u00f1adir \u00e1lbum -&gt; Titulo: Mi galer\u00eda. -&gt;Seleccionar im\u00e1genes-&gt; Creamos una carpeta dentro del directorio galer\u00edas -&gt; Seleccionar archivos y carpeta de destino-&gt; Marcamos im\u00e1genes -&gt; Publicar<\/em><\/p>\n\n\n\n<ul class=\"wp-block-list\">\n<li>En la zona publica, haz clic en elemento de men\u00fa Galer\u00edas, para ver el resultado.<\/li>\n<\/ul>\n\n\n\n<p><em>Barra de herramientas -&gt; clic con bot\u00f3n derecho sobre nombre del portal -&gt; Abrir pesta\u00f1a nueva -&gt; Galer\u00eda<\/em>s.<\/p>\n\n\n\n<ul class=\"wp-block-list\">\n<li>Inserta la galer\u00eda que acabas de crear, en formato slide, en una entrada o en la p\u00e1gina de Galer\u00edas.<a href=\"https:\/\/colegios.educarex.es\/curso\/practica-viii-galerias-y-eventos-soluciones\/#insetar_galeria\" target=\"_blank\" aria-label=\" (opens in a new tab)\" rel=\"noreferrer noopener\" class=\"ek-link\"><img loading=\"lazy\" decoding=\"async\" width=\"24\" height=\"24\" class=\"wp-image-1859\" style=\"width: 24px;\" src=\"https:\/\/colegios.educarex.es\/curso\/wp-content\/uploads\/sites\/27\/2023\/04\/ayuda-2.png\" alt=\"bot\u00f3n ayuda\"><\/a><\/li>\n<\/ul>\n\n\n\n<p><em>Men\u00fa lateral -&gt; P\u00e1ginas -&gt; Galer\u00edas -&gt; Bloque Gallery Slider. Album id -&gt; Actualizar.<\/em><\/p>\n\n\n\n<ul class=\"wp-block-list\">\n<li>Elimina las galer\u00edas que no consideres necesarias.<\/li>\n<\/ul>\n\n\n\n<p><em>Menu lateral -&gt; &gt; Album Gallery Pro -&gt; A\u00f1adir \u00e1lbum<\/em> <em>-&gt; Pasa el rat\u00f3n sobre la galer\u00eda en cuesti\u00f3n -&gt; Enviar a la papera.<\/em><\/p>\n\n\n\n<ul class=\"wp-block-list\">\n<li>Crea un widget tipo Texto, publ\u00edcalo en posici\u00f3n <em>Botton<\/em>. que muestre una galer\u00eda en formato slide. Utiliza para ello su shortcode. Haz que el widget s\u00f3lo se mu.<a href=\"https:\/\/colegios.educarex.es\/curso\/practica-viii-galerias-y-eventos-soluciones\/#galeria_bottom\" target=\"_blank\" aria-label=\" (opens in a new tab)\" rel=\"noreferrer noopener\" class=\"ek-link\"><img loading=\"lazy\" decoding=\"async\" width=\"24\" height=\"24\" class=\"wp-image-1859\" style=\"width: 24px;\" src=\"https:\/\/colegios.educarex.es\/curso\/wp-content\/uploads\/sites\/27\/2023\/04\/ayuda-2.png\" alt=\"bot\u00f3n ayuda\"><\/a><\/li>\n<\/ul>\n\n\n\n<p><em>Men\u00fa lateral -&gt; Apariencia -&gt; Widgets -&gt; Texto -&gt; Botton. Pega el shortcode de galer\u00eda -&gt; Guardar.<\/em><\/p>\n\n\n\n<h3 class=\"wp-block-heading\">B.- Eventos<\/h3>\n\n\n\n<ul class=\"wp-block-list\">\n<li>Crea un nuevo evento para un acto del centro.<a href=\"https:\/\/colegios.educarex.es\/curso\/practica-viii-galerias-y-eventos-soluciones\/#evento_centro\" target=\"_blank\" aria-label=\" (opens in a new tab)\" rel=\"noreferrer noopener\" class=\"ek-link\"><img loading=\"lazy\" decoding=\"async\" width=\"24\" height=\"24\" class=\"wp-image-1859\" style=\"width: 24px;\" src=\"https:\/\/colegios.educarex.es\/curso\/wp-content\/uploads\/sites\/27\/2023\/04\/ayuda-2.png\" alt=\"bot\u00f3n ayuda\"><\/a><\/li>\n<\/ul>\n\n\n\n<p><em>Men\u00fa lateral -&gt; Eventos -&gt; A\u00f1adir nuevo-&gt; Seleccionamos un categor\u00eda hija de Centro.<\/em><\/p>\n\n\n\n<ul class=\"wp-block-list\">\n<li>Crea un nuevo evento para un acto educativo ajeno al centro.<a href=\"https:\/\/colegios.educarex.es\/curso\/practica-viii-galerias-y-eventos-soluciones\/#evento_externo\" target=\"_blank\" aria-label=\" (opens in a new tab)\" rel=\"noreferrer noopener\" class=\"ek-link\"><img loading=\"lazy\" decoding=\"async\" width=\"24\" height=\"24\" class=\"wp-image-1859\" style=\"width: 24px;\" src=\"https:\/\/colegios.educarex.es\/curso\/wp-content\/uploads\/sites\/27\/2023\/04\/ayuda-2.png\" alt=\"bot\u00f3n ayuda\"><\/a><\/li>\n<\/ul>\n\n\n\n<p><em><em><em>Men\u00fa lateral -&gt; Eventos -&gt; A\u00f1adir nuevo-&gt; Categor\u00eda Externos.<\/em><\/em><\/em><\/p>\n\n\n\n<ul class=\"wp-block-list\">\n<li>Elimina los eventos que consideres innecesarios.<\/li>\n<\/ul>\n\n\n\n<p><em><em><em>Men\u00fa lateral -&gt; Eventos -&gt; Pasa el rat\u00f3n sobre el evento en cuesti\u00f3n -&gt; Enviar a la papelera.<\/em><\/em><\/em><\/p>\n","protected":false},"excerpt":{"rendered":"<p>A.- Album Gallery Pro Men\u00fa lateral -&gt; Album Gallery Pro -&gt; A\u00f1adir \u00e1lbum -&gt; Titulo: Mi galer\u00eda. -&gt;Seleccionar im\u00e1genes-&gt; Creamos una carpeta dentro del directorio galer\u00edas -&gt; Seleccionar archivos y [&hellip;]<\/p>\n","protected":false},"author":20,"featured_media":0,"parent":0,"menu_order":0,"comment_status":"closed","ping_status":"closed","template":"","meta":{"_uag_custom_page_level_css":"","_editorskit_title_hidden":false,"_editorskit_reading_time":0,"_editorskit_is_block_options_detached":false,"_editorskit_block_options_position":"{}","footnotes":""},"class_list":["post-2191","page","type-page","status-publish","hentry"],"uagb_featured_image_src":{"full":false,"thumbnail":false,"medium":false,"medium_large":false,"large":false,"1536x1536":false,"2048x2048":false},"uagb_author_info":{"display_name":"adminc","author_link":"https:\/\/colegios.educarex.es\/curso\/author\/adminc\/"},"uagb_comment_info":0,"uagb_excerpt":"A.- Album Gallery Pro Men\u00fa lateral -&gt; Album Gallery Pro -&gt; A\u00f1adir \u00e1lbum -&gt; Titulo: Mi galer\u00eda. -&gt;Seleccionar im\u00e1genes-&gt; Creamos una carpeta dentro del directorio galer\u00edas -&gt; Seleccionar archivos y [&hellip;]","_links":{"self":[{"href":"https:\/\/colegios.educarex.es\/curso\/wp-json\/wp\/v2\/pages\/2191","targetHints":{"allow":["GET"]}}],"collection":[{"href":"https:\/\/colegios.educarex.es\/curso\/wp-json\/wp\/v2\/pages"}],"about":[{"href":"https:\/\/colegios.educarex.es\/curso\/wp-json\/wp\/v2\/types\/page"}],"author":[{"embeddable":true,"href":"https:\/\/colegios.educarex.es\/curso\/wp-json\/wp\/v2\/users\/20"}],"replies":[{"embeddable":true,"href":"https:\/\/colegios.educarex.es\/curso\/wp-json\/wp\/v2\/comments?post=2191"}],"version-history":[{"count":2,"href":"https:\/\/colegios.educarex.es\/curso\/wp-json\/wp\/v2\/pages\/2191\/revisions"}],"predecessor-version":[{"id":2283,"href":"https:\/\/colegios.educarex.es\/curso\/wp-json\/wp\/v2\/pages\/2191\/revisions\/2283"}],"wp:attachment":[{"href":"https:\/\/colegios.educarex.es\/curso\/wp-json\/wp\/v2\/media?parent=2191"}],"curies":[{"name":"wp","href":"https:\/\/api.w.org\/{rel}","templated":true}]}}