{"id":2010,"date":"2023-04-26T11:40:47","date_gmt":"2023-04-26T09:40:47","guid":{"rendered":"https:\/\/colegios.educarex.es\/curso\/?page_id=2010"},"modified":"2023-04-27T01:36:00","modified_gmt":"2023-04-26T23:36:00","slug":"practica-iii-y-iv-paginas","status":"publish","type":"page","link":"https:\/\/colegios.educarex.es\/curso\/practica-iii-y-iv-paginas\/","title":{"rendered":"Pr\u00e1ctica III y IV. Paginas"},"content":{"rendered":"\n<h2 class=\"wp-block-heading\">Pr\u00e1ctica III.  Crea una p\u00e1gina para la oferta formativa de tu Centro. Enl\u00e1zala en el men\u00fa Principal, colgando de Informaci\u00f3n<\/h2>\n\n\n\n<h3 class=\"wp-block-heading\">A.- P\u00e1gina<\/h3>\n\n\n\n<p><em><em>Men\u00fa lateral -&gt; P\u00e1ginas -&gt;  A\u00f1adir nueva<\/em><\/em><\/p>\n\n\n\n<ul class=\"wp-block-list\">\n<li>Crea una nueva p\u00e1gina, llamada Oferta formativa, que cuelgue de Informaci\u00f3n,  debe contener los siguientes elementos:\n\n\n\n\n\n\n\n\n<ul class=\"wp-block-list\">\n<li>Una imagen de cabecera, que ser\u00e1 un banner que te puedes descargar desde este enlace: https:\/\/colegios.educarex.es\/curso\/wp-content\/uploads\/sites\/27\/2023\/04\/banner_oferta_formativa.png<a href=\"https:\/\/colegios.educarex.es\/curso\/practica-iii-y-iv-paginas-soluciones\/#nueva_pagina\" class=\"ek-link\"><img loading=\"lazy\" decoding=\"async\" width=\"24\" height=\"24\" class=\"wp-image-1859\" style=\"width: 24px;\" src=\"https:\/\/colegios.educarex.es\/curso\/wp-content\/uploads\/sites\/27\/2023\/04\/ayuda-2.png\" alt=\"bot\u00f3n ayuda\"><\/a><br> Aprovecha que est\u00e1s en ajustes de p\u00e1gina para ocultar el t\u00edtulo de la p\u00e1gina.<\/li>\n<\/ul>\n\n\n\n<ul class=\"wp-block-list\">\n<li>Los bloques de encabezado y p\u00e1rrafos sean necesarios para mostrar la informaci\u00f3n de la oferta educativa tu centro<a href=\"https:\/\/colegios.educarex.es\/curso\/practica-iii-y-iv-paginas-soluciones\/#encabezados\" target=\"_blank\" aria-label=\" (opens in a new tab)\" rel=\"noreferrer noopener\" class=\"ek-link\"><img loading=\"lazy\" decoding=\"async\" width=\"24\" height=\"24\" class=\"wp-image-1859\" style=\"width: 24px;\" src=\"https:\/\/colegios.educarex.es\/curso\/wp-content\/uploads\/sites\/27\/2023\/04\/ayuda-2.png\" alt=\"bot\u00f3n ayuda\"><\/a><\/li>\n<\/ul>\n<\/li>\n\n\n\n<li>Publica la p\u00e1gina.<\/li>\n<\/ul>\n\n\n\n<h3 class=\"wp-block-heading\">B.- Elemento de men\u00fa<\/h3>\n\n\n\n<p><em>Men\u00fa lateral -&gt; Apariencia -&gt;  Men\u00fas <\/em><\/p>\n\n\n\n<ul class=\"wp-block-list\">\n<li>Crea un nuevo elemento de men\u00fa en el men\u00fa Principal de tipo Oferta educativa que muestre la p\u00e1gina de Oferta formativa que acabas de crear. Haz que cuelgue del elemento de men\u00fa Informaci\u00f3n.<a href=\"https:\/\/colegios.educarex.es\/curso\/practica-iii-y-iv-paginas-soluciones\/#elemento_oferta\" target=\"_blank\" aria-label=\" (opens in a new tab)\" rel=\"noreferrer noopener\" class=\"ek-link\"><img loading=\"lazy\" decoding=\"async\" width=\"24\" height=\"24\" class=\"wp-image-1859\" style=\"width: 24px;\" src=\"https:\/\/colegios.educarex.es\/curso\/wp-content\/uploads\/sites\/27\/2023\/04\/ayuda-2.png\" alt=\"bot\u00f3n ayuda\"><\/a><\/li>\n<\/ul>\n\n\n\n<h2 class=\"wp-block-heading\">Pr\u00e1ctica IV. Crea una p\u00e1gina para el departamento de alem\u00e1n que muestre sus componentes y las noticias de ese departamento. Enl\u00e1zala en el men\u00fa principal, colgando de Departamentos<\/h2>\n\n\n\n<h3 class=\"wp-block-heading\">A.- Categor\u00eda<\/h3>\n\n\n\n<p><em>Men\u00fa Lateral -&gt; Entradas -&gt; Categor\u00edas -&gt; A\u00f1adir nueva<\/em><\/p>\n\n\n\n<ul class=\"wp-block-list\">\n<li>Crea una categor\u00eda, llamada Alem\u00e1n, con categor\u00eda superior Departamentos.<a href=\"https:\/\/colegios.educarex.es\/curso\/practica-iii-y-iv-paginas-soluciones\/#categoria\" class=\"ek-link\"><img loading=\"lazy\" decoding=\"async\" width=\"24\" height=\"24\" class=\"wp-image-1859\" style=\"width: 24px;\" src=\"https:\/\/colegios.educarex.es\/curso\/wp-content\/uploads\/sites\/27\/2023\/04\/ayuda-2.png\" alt=\"bot\u00f3n ayuda\"><\/a><\/li>\n<\/ul>\n\n\n\n<h3 class=\"wp-block-heading\">B.- P\u00e1gina<\/h3>\n\n\n\n<p><em>Men\u00fa lateral -&gt; P\u00e1ginas -&gt;  A\u00f1adir nueva<\/em><\/p>\n\n\n\n<ul class=\"wp-block-list\">\n<li>Crea una nueva p\u00e1gina, llamada Alem\u00e1n que debe contener los siguientes elementos:\n<ul class=\"wp-block-list\">\n<li>Una imagen de cabecera, que ser\u00e1 un banner que encontrar\u00e1s en la carpeta p\u00e1ginas de los materiales descargado. Aprovecha que est\u00e1s en ajustes  de p\u00e1gina para ocultar su t\u00edtulo.<a href=\"https:\/\/colegios.educarex.es\/curso\/practica-iii-y-iv-paginas-soluciones\/#imagen_destacada\" target=\"_blank\" aria-label=\" (opens in a new tab)\" rel=\"noreferrer noopener\" class=\"ek-link\"><img loading=\"lazy\" decoding=\"async\" width=\"24\" height=\"24\" class=\"wp-image-1859\" style=\"width: 24px;\" src=\"https:\/\/colegios.educarex.es\/curso\/wp-content\/uploads\/sites\/27\/2023\/04\/ayuda-2.png\" alt=\"bot\u00f3n ayuda\"><\/a><\/li>\n\n\n\n<li>Un bloque tipo Encabezado H2, con  contenido Componentes.<a href=\"https:\/\/colegios.educarex.es\/curso\/practica-iii-y-iv-paginas-soluciones\/#encabezados\" target=\"_blank\" aria-label=\" (opens in a new tab)\" rel=\"noreferrer noopener\" class=\"ek-link\"><img loading=\"lazy\" decoding=\"async\" width=\"24\" height=\"24\" class=\"wp-image-1859\" style=\"width: 24px;\" src=\"https:\/\/colegios.educarex.es\/curso\/wp-content\/uploads\/sites\/27\/2023\/04\/ayuda-2.png\" alt=\"bot\u00f3n ayuda\"><\/a><\/li>\n\n\n\n<li>Un bloque tipo Tabla con dos columnas, en franjas, para los cuatros miembros de ese departamento.<a href=\"https:\/\/colegios.educarex.es\/curso\/practica-iii-y-iv-paginas-soluciones\/#tabla\" class=\"ek-link\"><img loading=\"lazy\" decoding=\"async\" width=\"24\" height=\"24\" class=\"wp-image-1859\" style=\"width: 24px;\" src=\"https:\/\/colegios.educarex.es\/curso\/wp-content\/uploads\/sites\/27\/2023\/04\/ayuda-2.png\" alt=\"bot\u00f3n ayuda\"><\/a><\/li>\n\n\n\n<li>Un bloque  tipo Encabezado H2 con texto Novedades<\/li>\n\n\n\n<li>Un bloque tipo cuadricula de entradas que mostrar\u00e1 en dos columnas, las entradas de las categor\u00eda Alem\u00e1n o departamentos si la categor\u00eda de alem\u00e1n no esta disponible por no tener art\u00edculos.  Haz que las entradas se muestre en dos columnas. Con autor y fecha.<a href=\"https:\/\/colegios.educarex.es\/curso\/practica-iii-y-iv-paginas-soluciones\/#cuadricula_entradas\" target=\"_blank\" aria-label=\" (opens in a new tab)\" rel=\"noreferrer noopener\" class=\"ek-link\"><img loading=\"lazy\" decoding=\"async\" width=\"24\" height=\"24\" class=\"wp-image-1859\" style=\"width: 24px;\" src=\"https:\/\/colegios.educarex.es\/curso\/wp-content\/uploads\/sites\/27\/2023\/04\/ayuda-2.png\" alt=\"bot\u00f3n ayuda\"><\/a><\/li>\n<\/ul>\n<\/li>\n\n\n\n<li>Publica la p\u00e1gina<\/li>\n<\/ul>\n\n\n\n<h3 class=\"wp-block-heading\">C.- Elemento de men\u00fa<\/h3>\n\n\n\n<p><em>Men\u00fa lateral -&gt; Apariencia -&gt;  Men\u00fas <\/em><\/p>\n\n\n\n<ul class=\"wp-block-list\">\n<li>Crea un nuevo elemento de men\u00fa en el men\u00fa Principal de tipo P\u00e1gina que muestre la p\u00e1gina de Alem\u00e1n que acabas de crear. Haz que cuelgue del elemento de men\u00fa Departamentos.<a href=\"https:\/\/colegios.educarex.es\/curso\/practica-iii-y-iv-paginas-soluciones\/#menus_departamentos\" target=\"_blank\" aria-label=\" (opens in a new tab)\" rel=\"noreferrer noopener\" class=\"ek-link\"><img loading=\"lazy\" decoding=\"async\" width=\"24\" height=\"24\" class=\"wp-image-1859\" style=\"width: 24px;\" src=\"https:\/\/colegios.educarex.es\/curso\/wp-content\/uploads\/sites\/27\/2023\/04\/ayuda-2.png\" alt=\"bot\u00f3n ayuda\"><\/a><\/li>\n<\/ul>\n\n\n\n<h2 class=\"wp-block-heading\">D.- P\u00e1gina Departamentos.<\/h2>\n\n\n\n<p><em>Men\u00fa Lateral -&gt; P\u00e1ginas -&gt; Departamentos -&gt;Editar-&gt; Selecciona la columna izquierda del bloque columnas -&gt; A\u00f1adir bloque Medios y texto con el icono de Alem\u00e1n y texto Alem\u00e1n.<\/em><\/p>\n\n\n\n<ul class=\"wp-block-list\">\n<li>A\u00f1ade a la p\u00e1gina de Departamentos un nuevo bloque Medios y texto para el departamento de Alem\u00e1n que acabas de crear-<\/li>\n\n\n\n<li>Enl\u00e1zalo con la p\u00e1gina de Alem\u00e1n.<a href=\"https:\/\/colegios.educarex.es\/curso\/practica-iii-y-iv-paginas-soluciones\/#pagina_departamentos\" class=\"ek-link\"><img loading=\"lazy\" decoding=\"async\" width=\"24\" height=\"24\" class=\"wp-image-1859\" style=\"width: 24px;\" src=\"https:\/\/colegios.educarex.es\/curso\/wp-content\/uploads\/sites\/27\/2023\/04\/ayuda-2.png\" alt=\"bot\u00f3n ayuda\"><\/a><\/li>\n<\/ul>\n","protected":false},"excerpt":{"rendered":"<p>Pr\u00e1ctica III. Crea una p\u00e1gina para la oferta formativa de tu Centro. Enl\u00e1zala en el men\u00fa Principal, colgando de Informaci\u00f3n A.- P\u00e1gina Men\u00fa lateral -&gt; P\u00e1ginas -&gt; A\u00f1adir nueva B.- [&hellip;]<\/p>\n","protected":false},"author":2,"featured_media":0,"parent":0,"menu_order":0,"comment_status":"closed","ping_status":"closed","template":"","meta":{"_uag_custom_page_level_css":"","_editorskit_title_hidden":false,"_editorskit_reading_time":0,"_editorskit_is_block_options_detached":false,"_editorskit_block_options_position":"{}","footnotes":""},"class_list":["post-2010","page","type-page","status-publish","hentry"],"uagb_featured_image_src":{"full":false,"thumbnail":false,"medium":false,"medium_large":false,"large":false,"1536x1536":false,"2048x2048":false},"uagb_author_info":{"display_name":"Manuel Narv\u00e1ez Mart\u00ednez","author_link":"https:\/\/colegios.educarex.es\/curso\/author\/admin257\/"},"uagb_comment_info":0,"uagb_excerpt":"Pr\u00e1ctica III. Crea una p\u00e1gina para la oferta formativa de tu Centro. Enl\u00e1zala en el men\u00fa Principal, colgando de Informaci\u00f3n A.- P\u00e1gina Men\u00fa lateral -&gt; P\u00e1ginas -&gt; A\u00f1adir nueva B.- [&hellip;]","_links":{"self":[{"href":"https:\/\/colegios.educarex.es\/curso\/wp-json\/wp\/v2\/pages\/2010","targetHints":{"allow":["GET"]}}],"collection":[{"href":"https:\/\/colegios.educarex.es\/curso\/wp-json\/wp\/v2\/pages"}],"about":[{"href":"https:\/\/colegios.educarex.es\/curso\/wp-json\/wp\/v2\/types\/page"}],"author":[{"embeddable":true,"href":"https:\/\/colegios.educarex.es\/curso\/wp-json\/wp\/v2\/users\/2"}],"replies":[{"embeddable":true,"href":"https:\/\/colegios.educarex.es\/curso\/wp-json\/wp\/v2\/comments?post=2010"}],"version-history":[{"count":2,"href":"https:\/\/colegios.educarex.es\/curso\/wp-json\/wp\/v2\/pages\/2010\/revisions"}],"predecessor-version":[{"id":2160,"href":"https:\/\/colegios.educarex.es\/curso\/wp-json\/wp\/v2\/pages\/2010\/revisions\/2160"}],"wp:attachment":[{"href":"https:\/\/colegios.educarex.es\/curso\/wp-json\/wp\/v2\/media?parent=2010"}],"curies":[{"name":"wp","href":"https:\/\/api.w.org\/{rel}","templated":true}]}}