{"id":1752,"date":"2023-04-23T11:30:43","date_gmt":"2023-04-23T09:30:43","guid":{"rendered":"https:\/\/colegios.educarex.es\/curso\/?page_id=1752"},"modified":"2023-04-25T13:58:29","modified_gmt":"2023-04-25T11:58:29","slug":"entradas-practica-i-y-ii","status":"publish","type":"page","link":"https:\/\/colegios.educarex.es\/curso\/entradas-practica-i-y-ii\/","title":{"rendered":"Pr\u00e1ctica I. Entradas: primeros pasos"},"content":{"rendered":"\n<p>Deber\u00e1s crear una nueva entrada, de t\u00edtulo igual a esta pr\u00e1ctica, con los siguientes elementos:<\/p>\n\n\n\n<ol class=\"wp-block-list\">\n<li>Una<strong> imagen destacada<\/strong>, las que quieras, que deber\u00e1s subir desde tu ordenador.<a href=\"https:\/\/colegios.educarex.es\/curso\/practica-i-entradas-primeros-pasos-soluciones\/#imagen_destacada\" target=\"_blank\" aria-label=\" (opens in a new tab)\" rel=\"noreferrer noopener\" class=\"ek-link\"><img loading=\"lazy\" decoding=\"async\" width=\"24\" height=\"24\" class=\"wp-image-1859\" style=\"width: 24px;\" src=\"https:\/\/colegios.educarex.es\/curso\/wp-content\/uploads\/sites\/27\/2023\/04\/ayuda-2.png\" alt=\"bot\u00f3n ayuda\"><\/a><\/li>\n\n\n\n<li>Un bloque tipo <strong>P\u00e1rrafo<\/strong>, con cuatro o cinco  l\u00edneas.<a href=\"https:\/\/colegios.educarex.es\/curso\/practica-i-entradas-primeros-pasos-soluciones\/#bloque_parrafo\" target=\"_blank\" aria-label=\" (opens in a new tab)\" rel=\"noreferrer noopener\" class=\"ek-link\"><img loading=\"lazy\" decoding=\"async\" width=\"24\" height=\"24\" class=\"wp-image-1859\" style=\"width: 24px;\" src=\"https:\/\/colegios.educarex.es\/curso\/wp-content\/uploads\/sites\/27\/2023\/04\/ayuda-2.png\" alt=\"bot\u00f3n ayuda\"><\/a><\/li>\n\n\n\n<li>Una <strong>Imagen<\/strong>, subida desde tu ordenador. Al hacer clic sobre esta imagen se debe mostrar en una ventana emergente.<a href=\"https:\/\/colegios.educarex.es\/curso\/practica-i-entradas-primeros-pasos-soluciones\/#imagen\" target=\"_blank\" aria-label=\" (opens in a new tab)\" rel=\"noreferrer noopener\" class=\"ek-link\"><img loading=\"lazy\" decoding=\"async\" width=\"24\" height=\"24\" class=\"wp-image-1859\" style=\"width: 24px;\" src=\"https:\/\/colegios.educarex.es\/curso\/wp-content\/uploads\/sites\/27\/2023\/04\/ayuda-2.png\" alt=\"bot\u00f3n ayuda\"><\/a><\/li>\n\n\n\n<li>Otro bloque tipo <strong>P\u00e1rrafo<\/strong>.<a href=\"https:\/\/colegios.educarex.es\/curso\/practica-i-entradas-primeros-pasos-soluciones\/#parrafo_formato\" target=\"_blank\" aria-label=\" (opens in a new tab)\" rel=\"noreferrer noopener\" class=\"ek-link\"><img loading=\"lazy\" decoding=\"async\" width=\"24\" height=\"24\" class=\"wp-image-1859\" style=\"width: 24px;\" src=\"https:\/\/colegios.educarex.es\/curso\/wp-content\/uploads\/sites\/27\/2023\/04\/ayuda-2.png\" alt=\"bot\u00f3n ayuda\"><\/a><\/li>\n\n\n\n<li>Un bloque tipo <strong>YouTube<\/strong> con un v\u00eddeo relacionado con el tema.<a href=\"https:\/\/colegios.educarex.es\/curso\/practica-i-entradas-primeros-pasos-soluciones\/#youtube\" target=\"_blank\" aria-label=\" (opens in a new tab)\" rel=\"noreferrer noopener\" class=\"ek-link\"><img loading=\"lazy\" decoding=\"async\" width=\"24\" height=\"24\" class=\"wp-image-1859\" style=\"width: 24px;\" src=\"https:\/\/colegios.educarex.es\/curso\/wp-content\/uploads\/sites\/27\/2023\/04\/ayuda-2.png\" alt=\"bot\u00f3n ayuda\"><\/a><\/li>\n\n\n\n<li>Otro bloque tipo <strong>P\u00e1rrafo<\/strong>.<a href=\"https:\/\/colegios.educarex.es\/curso\/practica-i-entradas-primeros-pasos-soluciones\/#parrafo_mover\" target=\"_blank\" aria-label=\" (opens in a new tab)\" rel=\"noreferrer noopener\" class=\"ek-link\"><img loading=\"lazy\" decoding=\"async\" width=\"24\" height=\"24\" class=\"wp-image-1859\" style=\"width: 24px;\" src=\"https:\/\/colegios.educarex.es\/curso\/wp-content\/uploads\/sites\/27\/2023\/04\/ayuda-2.png\" alt=\"bot\u00f3n ayuda\"><\/a><\/li>\n\n\n\n<li>Un bloque tipo  <strong>Galer\u00eda<\/strong> con 5 im\u00e1genes en cuatro columnas. Mueve las im\u00e1genes para colocarlas  en la posici\u00f3n que desees y haz que al pulsar sobre ellas se muestren en ventana emergente.<a href=\"https:\/\/colegios.educarex.es\/curso\/practica-i-entradas-primeros-pasos-soluciones\/#galer\u00eda\" target=\"_blank\" aria-label=\" (opens in a new tab)\" rel=\"noreferrer noopener\" class=\"ek-link\"><img loading=\"lazy\" decoding=\"async\" width=\"24\" height=\"24\" class=\"wp-image-1859\" style=\"width: 24px;\" src=\"https:\/\/colegios.educarex.es\/curso\/wp-content\/uploads\/sites\/27\/2023\/04\/ayuda-2.png\" alt=\"bot\u00f3n ayuda\"><\/a><\/li>\n<\/ol>\n\n\n\n<p>Publica la entrada en las categor\u00edas<strong> Portada y Departamento de Ciencias Sociales <\/strong>de tu portal.<a href=\"https:\/\/colegios.educarex.es\/curso\/practica-i-entradas-primeros-pasos-soluciones\/#publicar\" target=\"_blank\" aria-label=\" (opens in a new tab)\" rel=\"noreferrer noopener\" class=\"ek-link\"><img loading=\"lazy\" decoding=\"async\" width=\"24\" height=\"24\" class=\"wp-image-1859\" style=\"width: 24px;\" src=\"https:\/\/colegios.educarex.es\/curso\/wp-content\/uploads\/sites\/27\/2023\/04\/ayuda-2.png\" alt=\"bot\u00f3n ayuda\"><\/a><\/p>\n\n\n\n<p>Comparte su enlace al mismo el chat del Meet, si te ha quedado mono.<\/p>\n\n\n\n<p><strong><mark style=\"background-color:rgba(0, 0, 0, 0)\" class=\"has-inline-color has-vivid-red-color\">Importante<\/mark><\/strong>. En esta actividad es necesario que practiques tambi\u00e9n como <strong>insertar bloques en diferentes posiciones, moverlos, duplicarlos, eliminarlos<\/strong>&#8230; y utilices los botones  para deshacer (<strong>teclas Ctrl +z)<\/strong> y rehacer(<strong>teclas Ctrl + y<\/strong>)<\/p>\n\n\n\n<p>El resultado debe ser similar a <a href=\"https:\/\/colegios.educarex.es\/curso\/entrada-practica-i-entradas-primeros-pasos\/\" target=\"_blank\" aria-label=\"esta estrada (opens in a new tab)\" rel=\"noreferrer noopener\" class=\"ek-link\">esta estrada<\/a><\/p>\n\n\n\n<p><\/p>\n","protected":false},"excerpt":{"rendered":"<p>Deber\u00e1s crear una nueva entrada, de t\u00edtulo igual a esta pr\u00e1ctica, con los siguientes elementos: Publica la entrada en las categor\u00edas Portada y Departamento de Ciencias Sociales de tu portal. [&hellip;]<\/p>\n","protected":false},"author":2,"featured_media":0,"parent":0,"menu_order":0,"comment_status":"closed","ping_status":"closed","template":"","meta":{"_uag_custom_page_level_css":"","_editorskit_title_hidden":false,"_editorskit_reading_time":0,"_editorskit_is_block_options_detached":false,"_editorskit_block_options_position":"{}","footnotes":""},"class_list":["post-1752","page","type-page","status-publish","hentry"],"uagb_featured_image_src":{"full":false,"thumbnail":false,"medium":false,"medium_large":false,"large":false,"1536x1536":false,"2048x2048":false},"uagb_author_info":{"display_name":"Manuel Narv\u00e1ez Mart\u00ednez","author_link":"https:\/\/colegios.educarex.es\/curso\/author\/admin257\/"},"uagb_comment_info":0,"uagb_excerpt":"Deber\u00e1s crear una nueva entrada, de t\u00edtulo igual a esta pr\u00e1ctica, con los siguientes elementos: Publica la entrada en las categor\u00edas Portada y Departamento de Ciencias Sociales de tu portal. [&hellip;]","_links":{"self":[{"href":"https:\/\/colegios.educarex.es\/curso\/wp-json\/wp\/v2\/pages\/1752","targetHints":{"allow":["GET"]}}],"collection":[{"href":"https:\/\/colegios.educarex.es\/curso\/wp-json\/wp\/v2\/pages"}],"about":[{"href":"https:\/\/colegios.educarex.es\/curso\/wp-json\/wp\/v2\/types\/page"}],"author":[{"embeddable":true,"href":"https:\/\/colegios.educarex.es\/curso\/wp-json\/wp\/v2\/users\/2"}],"replies":[{"embeddable":true,"href":"https:\/\/colegios.educarex.es\/curso\/wp-json\/wp\/v2\/comments?post=1752"}],"version-history":[{"count":3,"href":"https:\/\/colegios.educarex.es\/curso\/wp-json\/wp\/v2\/pages\/1752\/revisions"}],"predecessor-version":[{"id":2005,"href":"https:\/\/colegios.educarex.es\/curso\/wp-json\/wp\/v2\/pages\/1752\/revisions\/2005"}],"wp:attachment":[{"href":"https:\/\/colegios.educarex.es\/curso\/wp-json\/wp\/v2\/media?parent=1752"}],"curies":[{"name":"wp","href":"https:\/\/api.w.org\/{rel}","templated":true}]}}