{"id":164,"date":"2023-02-04T13:39:03","date_gmt":"2023-02-04T12:39:03","guid":{"rendered":"https:\/\/colegios.educarex.es\/curso\/?page_id=164"},"modified":"2023-03-28T20:33:38","modified_gmt":"2023-03-28T18:33:38","slug":"aulas-del-futuro","status":"publish","type":"page","link":"https:\/\/colegios.educarex.es\/curso\/proyectos\/aulas-del-futuro\/","title":{"rendered":"Aulas del Futuro"},"content":{"rendered":"\n<p><a href=\"https:\/\/aulasdelfuturo.educarex.es\" class=\"ek-link\"><strong>Aulas del Futuro<\/strong><\/a> es un proyecto originalmente planteado por European Schoolnet (EUN) como Future Classroom Lab y posteriormente adaptado por el Instituto Nacional de Tecnolog\u00edas Educativas y de Formaci\u00f3n del Profesorado (INTEF), del Ministerio de Educaci\u00f3n y Formaci\u00f3n Profesional, en colaboraci\u00f3n con las comunidades aut\u00f3nomas.<\/p>\n\n\n\n<p>Este proyecto propone flexibilizar los espacios para mejorar los procesos de ense\u00f1anza y aprendizaje a trav\u00e9s de las metodolog\u00edas activas, que deben constituir su verdadero motor de impulso, en combinaci\u00f3n con las tecnolog\u00edas. En este sentido, el proyecto Aulas del Futuro en Extremadura no pretende la creaci\u00f3n de un aula tecnol\u00f3gica, sino proponer un modelo en el que la tecnolog\u00eda se ponga al servicio del aprendizaje competencial del alumnado.<\/p>\n\n\n\n<h2 class=\"wp-block-heading\">Novedades<\/h2>\n\n\n\n\t\t\t<div class=\"wp-block-uagb-post-grid uagb-post-grid  uagb-post__image-position-top uagb-post__image-enabled uagb-block-052bd428     uagb-post__items uagb-post__columns-2 is-grid uagb-post__columns-tablet-2 uagb-post__columns-mobile-1 uagb-post__equal-height\" data-total=\"0\" style=\"\">\n\n\t\t\t\t\t\t\t\t\t<p class=\"uagb-post__no-posts\">\n\t\t\t\t\t\tNo hay art\u00edculos sobre el programa Aulas del Futuro \t\t\t\t\t<\/p>\n\t\t\t\t\t\t\t\t<\/div>\n\t\t\t","protected":false},"excerpt":{"rendered":"<p>Aulas del Futuro es un proyecto originalmente planteado por European Schoolnet (EUN) como Future Classroom Lab y posteriormente adaptado por el Instituto Nacional de Tecnolog\u00edas Educativas y de Formaci\u00f3n del [&hellip;]<\/p>\n","protected":false},"author":2,"featured_media":331,"parent":69,"menu_order":0,"comment_status":"closed","ping_status":"closed","template":"","meta":{"_uag_custom_page_level_css":"","_editorskit_title_hidden":true,"_editorskit_reading_time":1,"_editorskit_is_block_options_detached":false,"_editorskit_block_options_position":"{}","footnotes":""},"class_list":["post-164","page","type-page","status-publish","has-post-thumbnail","hentry"],"uagb_featured_image_src":{"full":["https:\/\/colegios.educarex.es\/curso\/wp-content\/uploads\/sites\/27\/2023\/02\/banner_aulas_futuro.png",1024,178,false],"thumbnail":["https:\/\/colegios.educarex.es\/curso\/wp-content\/uploads\/sites\/27\/2023\/02\/banner_aulas_futuro.png",300,52,false],"medium":["https:\/\/colegios.educarex.es\/curso\/wp-content\/uploads\/sites\/27\/2023\/02\/banner_aulas_futuro.png",600,104,false],"medium_large":["https:\/\/colegios.educarex.es\/curso\/wp-content\/uploads\/sites\/27\/2023\/02\/banner_aulas_futuro-768x134.png",768,134,true],"large":["https:\/\/colegios.educarex.es\/curso\/wp-content\/uploads\/sites\/27\/2023\/02\/banner_aulas_futuro.png",1024,178,false],"1536x1536":["https:\/\/colegios.educarex.es\/curso\/wp-content\/uploads\/sites\/27\/2023\/02\/banner_aulas_futuro.png",1024,178,false],"2048x2048":["https:\/\/colegios.educarex.es\/curso\/wp-content\/uploads\/sites\/27\/2023\/02\/banner_aulas_futuro.png",1024,178,false]},"uagb_author_info":{"display_name":"Manuel Narv\u00e1ez Mart\u00ednez","author_link":"https:\/\/colegios.educarex.es\/curso\/author\/admin257\/"},"uagb_comment_info":0,"uagb_excerpt":"Aulas del Futuro es un proyecto originalmente planteado por European Schoolnet (EUN) como Future Classroom Lab y posteriormente adaptado por el Instituto Nacional de Tecnolog\u00edas Educativas y de Formaci\u00f3n del [&hellip;]","_links":{"self":[{"href":"https:\/\/colegios.educarex.es\/curso\/wp-json\/wp\/v2\/pages\/164","targetHints":{"allow":["GET"]}}],"collection":[{"href":"https:\/\/colegios.educarex.es\/curso\/wp-json\/wp\/v2\/pages"}],"about":[{"href":"https:\/\/colegios.educarex.es\/curso\/wp-json\/wp\/v2\/types\/page"}],"author":[{"embeddable":true,"href":"https:\/\/colegios.educarex.es\/curso\/wp-json\/wp\/v2\/users\/2"}],"replies":[{"embeddable":true,"href":"https:\/\/colegios.educarex.es\/curso\/wp-json\/wp\/v2\/comments?post=164"}],"version-history":[{"count":3,"href":"https:\/\/colegios.educarex.es\/curso\/wp-json\/wp\/v2\/pages\/164\/revisions"}],"predecessor-version":[{"id":1079,"href":"https:\/\/colegios.educarex.es\/curso\/wp-json\/wp\/v2\/pages\/164\/revisions\/1079"}],"up":[{"embeddable":true,"href":"https:\/\/colegios.educarex.es\/curso\/wp-json\/wp\/v2\/pages\/69"}],"wp:featuredmedia":[{"embeddable":true,"href":"https:\/\/colegios.educarex.es\/curso\/wp-json\/wp\/v2\/media\/331"}],"wp:attachment":[{"href":"https:\/\/colegios.educarex.es\/curso\/wp-json\/wp\/v2\/media?parent=164"}],"curies":[{"name":"wp","href":"https:\/\/api.w.org\/{rel}","templated":true}]}}