{"id":80,"date":"2023-02-01T11:58:10","date_gmt":"2023-02-01T10:58:10","guid":{"rendered":"https:\/\/colegios.educarex.es\/cppuentereal\/?page_id=80"},"modified":"2025-04-22T22:20:20","modified_gmt":"2025-04-22T20:20:20","slug":"organizacion","status":"publish","type":"page","link":"https:\/\/colegios.educarex.es\/cppuentereal\/informacion\/organizacion\/","title":{"rendered":"Organizaci\u00f3n"},"content":{"rendered":"\n<h2 class=\"wp-block-heading eplus-wrapper\">Equipo directivo<\/h2>\n\n\n\n<figure class=\"wp-block-table is-style-stripes eplus-wrapper\"><table><tbody><tr><td><strong>Director\/a:<\/strong> Mar\u00eda Jes\u00fas Marcos Dom\u00ednguez<\/td><td><\/td><\/tr><tr><td><strong>Secretaria:<\/strong> M\u00aa Cruz Garc\u00eda Carrasco<\/td><td><\/td><\/tr><tr><td><strong>Jefe\/a de estudios<\/strong>: Luis Maya Jaramillo<\/td><td><\/td><\/tr><\/tbody><\/table><\/figure>\n\n\n\n<p><\/p>\n","protected":false},"excerpt":{"rendered":"<p>Equipo directivo Director\/a: Mar\u00eda Jes\u00fas Marcos Dom\u00ednguez Secretaria: M\u00aa Cruz Garc\u00eda Carrasco Jefe\/a de estudios: Luis Maya Jaramillo<\/p>\n","protected":false},"author":2,"featured_media":488,"parent":64,"menu_order":0,"comment_status":"closed","ping_status":"closed","template":"","meta":{"_uag_custom_page_level_css":"","_editorskit_title_hidden":true,"_editorskit_reading_time":1,"_editorskit_is_block_options_detached":false,"_editorskit_block_options_position":"{}","footnotes":""},"class_list":["post-80","page","type-page","status-publish","has-post-thumbnail","hentry"],"uagb_featured_image_src":{"full":["https:\/\/colegios.educarex.es\/cppuentereal\/wp-content\/uploads\/sites\/337\/2023\/03\/banner_espacio_organizacion.png",1024,178,false],"thumbnail":["https:\/\/colegios.educarex.es\/cppuentereal\/wp-content\/uploads\/sites\/337\/2023\/03\/banner_espacio_organizacion.png",300,52,false],"medium":["https:\/\/colegios.educarex.es\/cppuentereal\/wp-content\/uploads\/sites\/337\/2023\/03\/banner_espacio_organizacion.png",600,104,false],"medium_large":["https:\/\/colegios.educarex.es\/cppuentereal\/wp-content\/uploads\/sites\/337\/2023\/03\/banner_espacio_organizacion-768x134.png",768,134,true],"large":["https:\/\/colegios.educarex.es\/cppuentereal\/wp-content\/uploads\/sites\/337\/2023\/03\/banner_espacio_organizacion.png",1024,178,false],"1536x1536":["https:\/\/colegios.educarex.es\/cppuentereal\/wp-content\/uploads\/sites\/337\/2023\/03\/banner_espacio_organizacion.png",1024,178,false],"2048x2048":["https:\/\/colegios.educarex.es\/cppuentereal\/wp-content\/uploads\/sites\/337\/2023\/03\/banner_espacio_organizacion.png",1024,178,false]},"uagb_author_info":{"display_name":"Manuel Narv\u00e1ez Mart\u00ednez","author_link":"https:\/\/colegios.educarex.es\/cppuentereal\/author\/admin257\/"},"uagb_comment_info":0,"uagb_excerpt":"Equipo directivo Director\/a: Mar\u00eda Jes\u00fas Marcos Dom\u00ednguez Secretaria: M\u00aa Cruz Garc\u00eda Carrasco Jefe\/a de estudios: Luis Maya Jaramillo","_links":{"self":[{"href":"https:\/\/colegios.educarex.es\/cppuentereal\/wp-json\/wp\/v2\/pages\/80","targetHints":{"allow":["GET"]}}],"collection":[{"href":"https:\/\/colegios.educarex.es\/cppuentereal\/wp-json\/wp\/v2\/pages"}],"about":[{"href":"https:\/\/colegios.educarex.es\/cppuentereal\/wp-json\/wp\/v2\/types\/page"}],"author":[{"embeddable":true,"href":"https:\/\/colegios.educarex.es\/cppuentereal\/wp-json\/wp\/v2\/users\/2"}],"replies":[{"embeddable":true,"href":"https:\/\/colegios.educarex.es\/cppuentereal\/wp-json\/wp\/v2\/comments?post=80"}],"version-history":[{"count":3,"href":"https:\/\/colegios.educarex.es\/cppuentereal\/wp-json\/wp\/v2\/pages\/80\/revisions"}],"predecessor-version":[{"id":1696,"href":"https:\/\/colegios.educarex.es\/cppuentereal\/wp-json\/wp\/v2\/pages\/80\/revisions\/1696"}],"up":[{"embeddable":true,"href":"https:\/\/colegios.educarex.es\/cppuentereal\/wp-json\/wp\/v2\/pages\/64"}],"wp:featuredmedia":[{"embeddable":true,"href":"https:\/\/colegios.educarex.es\/cppuentereal\/wp-json\/wp\/v2\/media\/488"}],"wp:attachment":[{"href":"https:\/\/colegios.educarex.es\/cppuentereal\/wp-json\/wp\/v2\/media?parent=80"}],"curies":[{"name":"wp","href":"https:\/\/api.w.org\/{rel}","templated":true}]}}