{"id":15,"date":"2023-01-31T15:32:44","date_gmt":"2023-01-31T14:32:44","guid":{"rendered":"https:\/\/colegios.educarex.es\/cpmaxcruzrebosa\/?page_id=15"},"modified":"2025-02-21T09:51:43","modified_gmt":"2025-02-21T08:51:43","slug":"inicio","status":"publish","type":"page","link":"https:\/\/colegios.educarex.es\/cpmaxcruzrebosa\/","title":{"rendered":"Inicio"},"content":{"rendered":"\n<p>Te damos la bienvenida a la p\u00e1gina web de nuestro centro. Navegando por sus men\u00fas podr\u00e1s acceder a la informaci\u00f3n m\u00e1s relevante sobre c\u00f3mo est\u00e1 organizada nuestra vida acad\u00e9mica y nuestras actividades.<\/p>\n\n\n\n\t\t\t<div class=\"wp-block-uagb-post-grid uagb-post-grid  uagb-post__image-position-top uagb-post__image-enabled uagb-block-d964d007     uagb-post__items uagb-post__columns-2 is-grid uagb-post__columns-tablet-2 uagb-post__columns-mobile-1 uagb-post__equal-height uagb-equal_height_inline-read-more-buttons\" data-total=\"4\" style=\"\">\n\n\t\t\t\t\t\t\t\t\t\t\t\t<article class=\"uagb-post__inner-wrap\">\t\t\t\t\t\t\t\t<div class='uagb-post__image'>\n\t\t\t\t\t\t\t\t\t<a href=\"https:\/\/colegios.educarex.es\/cpmaxcruzrebosa\/paula-de-la-calle-nos-ensena-que-no-hay-limites\/\" target=\"_self\" rel=\"bookmark noopener noreferrer\" class='uagb-image-ratio-2-3'><img loading=\"lazy\" decoding=\"async\" width=\"1280\" height=\"1237\" src=\"https:\/\/colegios.educarex.es\/cpmaxcruzrebosa\/wp-content\/uploads\/sites\/189\/2026\/02\/1000091678-e1771590840996-1280x1237.jpg\" class=\"attachment-large size-large\" alt=\"\" srcset=\"https:\/\/colegios.educarex.es\/cpmaxcruzrebosa\/wp-content\/uploads\/sites\/189\/2026\/02\/1000091678-e1771590840996-1280x1237.jpg 1280w, https:\/\/colegios.educarex.es\/cpmaxcruzrebosa\/wp-content\/uploads\/sites\/189\/2026\/02\/1000091678-e1771590840996-600x580.jpg 600w, https:\/\/colegios.educarex.es\/cpmaxcruzrebosa\/wp-content\/uploads\/sites\/189\/2026\/02\/1000091678-e1771590840996-768x742.jpg 768w, https:\/\/colegios.educarex.es\/cpmaxcruzrebosa\/wp-content\/uploads\/sites\/189\/2026\/02\/1000091678-e1771590840996.jpg 1302w\" sizes=\"(max-width: 1280px) 100vw, 1280px\" \/>\t\t\t\t\t<\/a>\n\t\t\t\t\t\t\t<\/div>\n\t\t\t\t\t\t<h4 class=\"uagb-post__title uagb-post__text\">\n\t\t\t\t<a href=\"https:\/\/colegios.educarex.es\/cpmaxcruzrebosa\/paula-de-la-calle-nos-ensena-que-no-hay-limites\/\" target=\"_self\" rel=\"bookmark noopener noreferrer\">Paula de la Calle nos ense\u00f1a que no hay l\u00edmites<\/a>\n\t\t\t<\/h4>\n\t\t\t\t\t\t<div class='uagb-post__text uagb-post-grid-byline'>\n\t\t\t\t\t\t\t\t<span class=\"uagb-post__author\">\n\t\t\t\t<span class=\"dashicons-admin-users dashicons\"><\/span>\t\t\t\t\t<a href=\"https:\/\/colegios.educarex.es\/cpmaxcruzrebosa\/author\/aantonios01\/\" title=\"Entradas de \u00c1lvaro Antonio Salgado\" rel=\"author\">\u00c1lvaro Antonio Salgado<\/a>\t\t\t\t<\/span>\n\t\t\t\t\t\t\t<time datetime=\"2026-02-20T13:30:19+01:00\" class=\"uagb-post__date\">\n\t\t\t\t<span class=\"dashicons-calendar dashicons\"><\/span>\t\t\t\t\t20 de febrero de 2026\t\t\t\t<\/time>\n\t\t\t\t\t\t<\/div>\n\t\t\t\t\t\t\t<div class='uagb-post__text uagb-post__excerpt'>\n\t\t\t\t\t<p>Nuestro centro educativo ha tenido la suerte de recibir la visita de la joven escaladora de paraescalada Paula de la Calle, un ejemplo de esfuerzo, superaci\u00f3n y pasi\u00f3n por el&#8230;\t\t\t\t<\/div>\n\t\t\t\t\t\t<div class=\"uagb-post__text uagb-post__cta wp-block-button\">\n\t\t\t\t<a class=\"wp-block-button__link uagb-text-link\" style=\"\" href=\"https:\/\/colegios.educarex.es\/cpmaxcruzrebosa\/paula-de-la-calle-nos-ensena-que-no-hay-limites\/\" target=\"_self\" rel=\"bookmark noopener noreferrer\">Leer m\u00e1s<\/a>\n\t\t\t<\/div>\n\t\t\t\n\t\t\t\t\t\t\t\t\t<\/article>\n\t\t\t\t\t\t\t\t\t\t\t\t\t\t\t\t<article class=\"uagb-post__inner-wrap\">\t\t\t\t\t\t\t\t<div class='uagb-post__image'>\n\t\t\t\t\t\t\t\t\t<a href=\"https:\/\/colegios.educarex.es\/cpmaxcruzrebosa\/nuestro-centro-se-transforma\/\" target=\"_self\" rel=\"bookmark noopener noreferrer\" class='uagb-image-ratio-2-3'><img loading=\"lazy\" decoding=\"async\" width=\"500\" height=\"367\" src=\"https:\/\/colegios.educarex.es\/cpmaxcruzrebosa\/wp-content\/uploads\/sites\/189\/2025\/12\/Captura-de-pantalla-2025-10-28-180716-1-e1764933864769.png\" class=\"attachment-large size-large\" alt=\"\" \/>\t\t\t\t\t<\/a>\n\t\t\t\t\t\t\t<\/div>\n\t\t\t\t\t\t<h4 class=\"uagb-post__title uagb-post__text\">\n\t\t\t\t<a href=\"https:\/\/colegios.educarex.es\/cpmaxcruzrebosa\/nuestro-centro-se-transforma\/\" target=\"_self\" rel=\"bookmark noopener noreferrer\">\u00a1Nuestro centro se transforma!<\/a>\n\t\t\t<\/h4>\n\t\t\t\t\t\t<div class='uagb-post__text uagb-post-grid-byline'>\n\t\t\t\t\t\t\t\t<span class=\"uagb-post__author\">\n\t\t\t\t<span class=\"dashicons-admin-users dashicons\"><\/span>\t\t\t\t\t<a href=\"https:\/\/colegios.educarex.es\/cpmaxcruzrebosa\/author\/aantonios01\/\" title=\"Entradas de \u00c1lvaro Antonio Salgado\" rel=\"author\">\u00c1lvaro Antonio Salgado<\/a>\t\t\t\t<\/span>\n\t\t\t\t\t\t\t<time datetime=\"2025-12-05T12:45:06+01:00\" class=\"uagb-post__date\">\n\t\t\t\t<span class=\"dashicons-calendar dashicons\"><\/span>\t\t\t\t\t5 de diciembre de 2025\t\t\t\t<\/time>\n\t\t\t\t\t\t<\/div>\n\t\t\t\t\t\t\t<div class='uagb-post__text uagb-post__excerpt'>\n\t\t\t\t\t<p>En el C.E.I.P. M\u00e1ximo Cruz Rebosa seguimos dando pasos firmes hacia una educaci\u00f3n innovadora y de calidad. Nuestra antigua aula de Tecnolog\u00eda y Laboratorio se ha transformado por completo para&#8230;\t\t\t\t<\/div>\n\t\t\t\t\t\t<div class=\"uagb-post__text uagb-post__cta wp-block-button\">\n\t\t\t\t<a class=\"wp-block-button__link uagb-text-link\" style=\"\" href=\"https:\/\/colegios.educarex.es\/cpmaxcruzrebosa\/nuestro-centro-se-transforma\/\" target=\"_self\" rel=\"bookmark noopener noreferrer\">Leer m\u00e1s<\/a>\n\t\t\t<\/div>\n\t\t\t\n\t\t\t\t\t\t\t\t\t<\/article>\n\t\t\t\t\t\t\t\t\t\t\t\t\t\t\t\t<article class=\"uagb-post__inner-wrap\">\t\t\t\t\t\t\t\t<div class='uagb-post__image'>\n\t\t\t\t\t\t\t\t\t<a href=\"https:\/\/colegios.educarex.es\/cpmaxcruzrebosa\/%f0%9f%8d%84-mundo-fungi-en-5o-y-6o-un-taller-fascinante-con-violeta-figueroa-%f0%9f%8d%84\/\" target=\"_self\" rel=\"bookmark noopener noreferrer\" class='uagb-image-ratio-2-3'><img loading=\"lazy\" decoding=\"async\" width=\"900\" height=\"675\" src=\"https:\/\/colegios.educarex.es\/cpmaxcruzrebosa\/wp-content\/uploads\/sites\/189\/2025\/11\/IMAGE-2025-11-18-113720-e1763462395847.jpg\" class=\"attachment-large size-large\" alt=\"\" \/>\t\t\t\t\t<\/a>\n\t\t\t\t\t\t\t<\/div>\n\t\t\t\t\t\t<h4 class=\"uagb-post__title uagb-post__text\">\n\t\t\t\t<a href=\"https:\/\/colegios.educarex.es\/cpmaxcruzrebosa\/%f0%9f%8d%84-mundo-fungi-en-5o-y-6o-un-taller-fascinante-con-violeta-figueroa-%f0%9f%8d%84\/\" target=\"_self\" rel=\"bookmark noopener noreferrer\">\ud83c\udf44 \u00a1Mundo Fungi en 5\u00ba y 6\u00ba! Un Taller Fascinante con Violeta Figueroa \ud83c\udf44<\/a>\n\t\t\t<\/h4>\n\t\t\t\t\t\t<div class='uagb-post__text uagb-post-grid-byline'>\n\t\t\t\t\t\t\t\t<span class=\"uagb-post__author\">\n\t\t\t\t<span class=\"dashicons-admin-users dashicons\"><\/span>\t\t\t\t\t<a href=\"https:\/\/colegios.educarex.es\/cpmaxcruzrebosa\/author\/aantonios01\/\" title=\"Entradas de \u00c1lvaro Antonio Salgado\" rel=\"author\">\u00c1lvaro Antonio Salgado<\/a>\t\t\t\t<\/span>\n\t\t\t\t\t\t\t<time datetime=\"2025-11-18T11:40:12+01:00\" class=\"uagb-post__date\">\n\t\t\t\t<span class=\"dashicons-calendar dashicons\"><\/span>\t\t\t\t\t18 de noviembre de 2025\t\t\t\t<\/time>\n\t\t\t\t\t\t<\/div>\n\t\t\t\t\t\t\t<div class='uagb-post__text uagb-post__excerpt'>\n\t\t\t\t\t<p>\u00a1Nuestros alumnos y alumnas de 5\u00ba y 6\u00ba de Primaria se han adentrado en un mundo fascinante que crece bajo nuestros pies: el reino de los hongos! Esta semana tuvimos&#8230;\t\t\t\t<\/div>\n\t\t\t\t\t\t<div class=\"uagb-post__text uagb-post__cta wp-block-button\">\n\t\t\t\t<a class=\"wp-block-button__link uagb-text-link\" style=\"\" href=\"https:\/\/colegios.educarex.es\/cpmaxcruzrebosa\/%f0%9f%8d%84-mundo-fungi-en-5o-y-6o-un-taller-fascinante-con-violeta-figueroa-%f0%9f%8d%84\/\" target=\"_self\" rel=\"bookmark noopener noreferrer\">Leer m\u00e1s<\/a>\n\t\t\t<\/div>\n\t\t\t\n\t\t\t\t\t\t\t\t\t<\/article>\n\t\t\t\t\t\t\t\t\t\t\t\t\t\t\t\t<article class=\"uagb-post__inner-wrap\">\t\t\t\t\t\t\t\t<div class='uagb-post__image'>\n\t\t\t\t\t\t\t\t\t<a href=\"https:\/\/colegios.educarex.es\/cpmaxcruzrebosa\/celebramos-el-dia-de-las-bibliotecas-en-el-cole\/\" target=\"_self\" rel=\"bookmark noopener noreferrer\" class='uagb-image-ratio-2-3'><img loading=\"lazy\" decoding=\"async\" width=\"1000\" height=\"750\" src=\"https:\/\/colegios.educarex.es\/cpmaxcruzrebosa\/wp-content\/uploads\/sites\/189\/2025\/10\/IMAGE-2025-10-30-101243-e1763460874467.jpg\" class=\"attachment-large size-large\" alt=\"\" \/>\t\t\t\t\t<\/a>\n\t\t\t\t\t\t\t<\/div>\n\t\t\t\t\t\t<h4 class=\"uagb-post__title uagb-post__text\">\n\t\t\t\t<a href=\"https:\/\/colegios.educarex.es\/cpmaxcruzrebosa\/celebramos-el-dia-de-las-bibliotecas-en-el-cole\/\" target=\"_self\" rel=\"bookmark noopener noreferrer\">\u00a1Celebramos el D\u00eda de las Bibliotecas en el cole!<\/a>\n\t\t\t<\/h4>\n\t\t\t\t\t\t<div class='uagb-post__text uagb-post-grid-byline'>\n\t\t\t\t\t\t\t\t<span class=\"uagb-post__author\">\n\t\t\t\t<span class=\"dashicons-admin-users dashicons\"><\/span>\t\t\t\t\t<a href=\"https:\/\/colegios.educarex.es\/cpmaxcruzrebosa\/author\/aantonios01\/\" title=\"Entradas de \u00c1lvaro Antonio Salgado\" rel=\"author\">\u00c1lvaro Antonio Salgado<\/a>\t\t\t\t<\/span>\n\t\t\t\t\t\t\t<time datetime=\"2025-11-18T11:10:24+01:00\" class=\"uagb-post__date\">\n\t\t\t\t<span class=\"dashicons-calendar dashicons\"><\/span>\t\t\t\t\t18 de noviembre de 2025\t\t\t\t<\/time>\n\t\t\t\t\t\t<\/div>\n\t\t\t\t\t\t\t<div class='uagb-post__text uagb-post__excerpt'>\n\t\t\t\t\t<p>Este jueves 23 y viernes 24 hemos celebrado en nuestro cole M\u00e1ximo Cruz Rebosa de Piornal el D\u00eda de las Bibliotecas. \u00a1Y qu\u00e9 bien lo pasamos! Durante estos dos d\u00edas,&#8230;\t\t\t\t<\/div>\n\t\t\t\t\t\t<div class=\"uagb-post__text uagb-post__cta wp-block-button\">\n\t\t\t\t<a class=\"wp-block-button__link uagb-text-link\" style=\"\" href=\"https:\/\/colegios.educarex.es\/cpmaxcruzrebosa\/celebramos-el-dia-de-las-bibliotecas-en-el-cole\/\" target=\"_self\" rel=\"bookmark noopener noreferrer\">Leer m\u00e1s<\/a>\n\t\t\t<\/div>\n\t\t\t\n\t\t\t\t\t\t\t\t\t<\/article>\n\t\t\t\t\t\t\t\t\t\t\t\t\t\t\t\t<article class=\"uagb-post__inner-wrap\">\t\t\t\t\t\t\t\t<div class='uagb-post__image'>\n\t\t\t\t\t\t\t\t\t<a href=\"https:\/\/colegios.educarex.es\/cpmaxcruzrebosa\/convivencia-del-valle-del-jerte-5o-y-6o-de-primaria\/\" target=\"_self\" rel=\"bookmark noopener noreferrer\" class='uagb-image-ratio-2-3'><img loading=\"lazy\" decoding=\"async\" width=\"525\" height=\"700\" src=\"https:\/\/colegios.educarex.es\/cpmaxcruzrebosa\/wp-content\/uploads\/sites\/189\/2025\/10\/IMAGE-2025-10-30-094733-e1763460980971.jpg\" class=\"attachment-large size-large\" alt=\"\" \/>\t\t\t\t\t<\/a>\n\t\t\t\t\t\t\t<\/div>\n\t\t\t\t\t\t<h4 class=\"uagb-post__title uagb-post__text\">\n\t\t\t\t<a href=\"https:\/\/colegios.educarex.es\/cpmaxcruzrebosa\/convivencia-del-valle-del-jerte-5o-y-6o-de-primaria\/\" target=\"_self\" rel=\"bookmark noopener noreferrer\">Convivencia del Valle del Jerte \u2013 5\u00ba y 6\u00ba de Primaria<\/a>\n\t\t\t<\/h4>\n\t\t\t\t\t\t<div class='uagb-post__text uagb-post-grid-byline'>\n\t\t\t\t\t\t\t\t<span class=\"uagb-post__author\">\n\t\t\t\t<span class=\"dashicons-admin-users dashicons\"><\/span>\t\t\t\t\t<a href=\"https:\/\/colegios.educarex.es\/cpmaxcruzrebosa\/author\/aantonios01\/\" title=\"Entradas de \u00c1lvaro Antonio Salgado\" rel=\"author\">\u00c1lvaro Antonio Salgado<\/a>\t\t\t\t<\/span>\n\t\t\t\t\t\t\t<time datetime=\"2025-10-30T10:05:42+01:00\" class=\"uagb-post__date\">\n\t\t\t\t<span class=\"dashicons-calendar dashicons\"><\/span>\t\t\t\t\t30 de octubre de 2025\t\t\t\t<\/time>\n\t\t\t\t\t\t<\/div>\n\t\t\t\t\t\t\t<div class='uagb-post__text uagb-post__excerpt'>\n\t\t\t\t\t<p>Los pasados 15 y 16 de octubre, los alumnos y alumnas de 5\u00ba y 6\u00ba de Primaria de todos los colegios del Valle del Jerte vivimos una experiencia inolvidable: \u00a1nuestra&#8230;\t\t\t\t<\/div>\n\t\t\t\t\t\t<div class=\"uagb-post__text uagb-post__cta wp-block-button\">\n\t\t\t\t<a class=\"wp-block-button__link uagb-text-link\" style=\"\" href=\"https:\/\/colegios.educarex.es\/cpmaxcruzrebosa\/convivencia-del-valle-del-jerte-5o-y-6o-de-primaria\/\" target=\"_self\" rel=\"bookmark noopener noreferrer\">Leer m\u00e1s<\/a>\n\t\t\t<\/div>\n\t\t\t\n\t\t\t\t\t\t\t\t\t<\/article>\n\t\t\t\t\t\t\t\t\t\t\t\t\t\t\t\t<article class=\"uagb-post__inner-wrap\">\t\t\t\t\t\t\t\t<div class='uagb-post__image'>\n\t\t\t\t\t\t\t\t\t<a href=\"https:\/\/colegios.educarex.es\/cpmaxcruzrebosa\/una-manana-de-cuentos-con-pep-bruno\/\" target=\"_self\" rel=\"bookmark noopener noreferrer\" class='uagb-image-ratio-2-3'><img loading=\"lazy\" decoding=\"async\" width=\"906\" height=\"1280\" src=\"https:\/\/colegios.educarex.es\/cpmaxcruzrebosa\/wp-content\/uploads\/sites\/189\/2025\/10\/Una-olla-de-cuentos-906x1280.jpg\" class=\"attachment-large size-large\" alt=\"\" srcset=\"https:\/\/colegios.educarex.es\/cpmaxcruzrebosa\/wp-content\/uploads\/sites\/189\/2025\/10\/Una-olla-de-cuentos-906x1280.jpg 906w, https:\/\/colegios.educarex.es\/cpmaxcruzrebosa\/wp-content\/uploads\/sites\/189\/2025\/10\/Una-olla-de-cuentos-425x600.jpg 425w, https:\/\/colegios.educarex.es\/cpmaxcruzrebosa\/wp-content\/uploads\/sites\/189\/2025\/10\/Una-olla-de-cuentos-768x1086.jpg 768w, https:\/\/colegios.educarex.es\/cpmaxcruzrebosa\/wp-content\/uploads\/sites\/189\/2025\/10\/Una-olla-de-cuentos-1087x1536.jpg 1087w, https:\/\/colegios.educarex.es\/cpmaxcruzrebosa\/wp-content\/uploads\/sites\/189\/2025\/10\/Una-olla-de-cuentos.jpg 1132w\" sizes=\"(max-width: 906px) 100vw, 906px\" \/>\t\t\t\t\t<\/a>\n\t\t\t\t\t\t\t<\/div>\n\t\t\t\t\t\t<h4 class=\"uagb-post__title uagb-post__text\">\n\t\t\t\t<a href=\"https:\/\/colegios.educarex.es\/cpmaxcruzrebosa\/una-manana-de-cuentos-con-pep-bruno\/\" target=\"_self\" rel=\"bookmark noopener noreferrer\">Una ma\u00f1ana de cuentos con Pep Bruno<\/a>\n\t\t\t<\/h4>\n\t\t\t\t\t\t<div class='uagb-post__text uagb-post-grid-byline'>\n\t\t\t\t\t\t\t\t<span class=\"uagb-post__author\">\n\t\t\t\t<span class=\"dashicons-admin-users dashicons\"><\/span>\t\t\t\t\t<a href=\"https:\/\/colegios.educarex.es\/cpmaxcruzrebosa\/author\/aantonios01\/\" title=\"Entradas de \u00c1lvaro Antonio Salgado\" rel=\"author\">\u00c1lvaro Antonio Salgado<\/a>\t\t\t\t<\/span>\n\t\t\t\t\t\t\t<time datetime=\"2025-10-14T10:57:55+02:00\" class=\"uagb-post__date\">\n\t\t\t\t<span class=\"dashicons-calendar dashicons\"><\/span>\t\t\t\t\t14 de octubre de 2025\t\t\t\t<\/time>\n\t\t\t\t\t\t<\/div>\n\t\t\t\t\t\t\t<div class='uagb-post__text uagb-post__excerpt'>\n\t\t\t\t\t<p>El pasado 22 de septiembre de 2025, nuestra escuela tuvo el honor de recibir al narrador y escritor Pep Bruno, en el marco del festival Una olla de cuentos, organizado&#8230;\t\t\t\t<\/div>\n\t\t\t\t\t\t<div class=\"uagb-post__text uagb-post__cta wp-block-button\">\n\t\t\t\t<a class=\"wp-block-button__link uagb-text-link\" style=\"\" href=\"https:\/\/colegios.educarex.es\/cpmaxcruzrebosa\/una-manana-de-cuentos-con-pep-bruno\/\" target=\"_self\" rel=\"bookmark noopener noreferrer\">Leer m\u00e1s<\/a>\n\t\t\t<\/div>\n\t\t\t\n\t\t\t\t\t\t\t\t\t<\/article>\n\t\t\t\t\t\t\t\t\t\t\t\t\t<div class=\"uagb-post-pagination-wrap\">\n\t\t\t\t\t\t<span aria-current=\"page\" class=\"page-numbers current\">1<\/span>\n<a class=\"page-numbers\" href=\"https:\/\/colegios.educarex.es\/cpmaxcruzrebosa\/wp-json\/wp\/v2\/pages\/15\/page\/2\/\">2<\/a>\n<a class=\"page-numbers\" href=\"https:\/\/colegios.educarex.es\/cpmaxcruzrebosa\/wp-json\/wp\/v2\/pages\/15\/page\/3\/\">3<\/a>\n<a class=\"page-numbers\" href=\"https:\/\/colegios.educarex.es\/cpmaxcruzrebosa\/wp-json\/wp\/v2\/pages\/15\/page\/4\/\">4<\/a>\n<a class=\"next page-numbers\" href=\"https:\/\/colegios.educarex.es\/cpmaxcruzrebosa\/wp-json\/wp\/v2\/pages\/15\/page\/2\/\">Siguiente \u00bb<\/a>\t\t\t\t\t<\/div>\n\t\t\t\t\t\t\t\t<\/div>\n\t\t\t","protected":false},"excerpt":{"rendered":"<p>Te damos la bienvenida a la p\u00e1gina web de nuestro centro. Navegando por sus men\u00fas podr\u00e1s acceder a la informaci\u00f3n m\u00e1s relevante sobre c\u00f3mo est\u00e1 organizada nuestra vida acad\u00e9mica y [&hellip;]<\/p>\n","protected":false},"author":2,"featured_media":1226,"parent":0,"menu_order":0,"comment_status":"closed","ping_status":"closed","template":"","meta":{"_uag_custom_page_level_css":"","_editorskit_title_hidden":true,"_editorskit_reading_time":1,"_editorskit_is_block_options_detached":false,"_editorskit_block_options_position":"{}","footnotes":""},"class_list":["post-15","page","type-page","status-publish","has-post-thumbnail","hentry"],"uagb_featured_image_src":{"full":["https:\/\/colegios.educarex.es\/cpmaxcruzrebosa\/wp-content\/uploads\/sites\/189\/2024\/11\/banner_CEIP_Maximo-Cruz-Rebosa_Piornal_Caceres.png",1024,178,false],"thumbnail":["https:\/\/colegios.educarex.es\/cpmaxcruzrebosa\/wp-content\/uploads\/sites\/189\/2024\/11\/banner_CEIP_Maximo-Cruz-Rebosa_Piornal_Caceres-300x178.png",300,178,true],"medium":["https:\/\/colegios.educarex.es\/cpmaxcruzrebosa\/wp-content\/uploads\/sites\/189\/2024\/11\/banner_CEIP_Maximo-Cruz-Rebosa_Piornal_Caceres-600x104.png",600,104,true],"medium_large":["https:\/\/colegios.educarex.es\/cpmaxcruzrebosa\/wp-content\/uploads\/sites\/189\/2024\/11\/banner_CEIP_Maximo-Cruz-Rebosa_Piornal_Caceres-768x134.png",768,134,true],"large":["https:\/\/colegios.educarex.es\/cpmaxcruzrebosa\/wp-content\/uploads\/sites\/189\/2024\/11\/banner_CEIP_Maximo-Cruz-Rebosa_Piornal_Caceres.png",1024,178,false],"1536x1536":["https:\/\/colegios.educarex.es\/cpmaxcruzrebosa\/wp-content\/uploads\/sites\/189\/2024\/11\/banner_CEIP_Maximo-Cruz-Rebosa_Piornal_Caceres.png",1024,178,false],"2048x2048":["https:\/\/colegios.educarex.es\/cpmaxcruzrebosa\/wp-content\/uploads\/sites\/189\/2024\/11\/banner_CEIP_Maximo-Cruz-Rebosa_Piornal_Caceres.png",1024,178,false]},"uagb_author_info":{"display_name":"Manuel Narv\u00e1ez Mart\u00ednez","author_link":"https:\/\/colegios.educarex.es\/cpmaxcruzrebosa\/author\/admin257\/"},"uagb_comment_info":0,"uagb_excerpt":"Te damos la bienvenida a la p\u00e1gina web de nuestro centro. Navegando por sus men\u00fas podr\u00e1s acceder a la informaci\u00f3n m\u00e1s relevante sobre c\u00f3mo est\u00e1 organizada nuestra vida acad\u00e9mica y [&hellip;]","_links":{"self":[{"href":"https:\/\/colegios.educarex.es\/cpmaxcruzrebosa\/wp-json\/wp\/v2\/pages\/15","targetHints":{"allow":["GET"]}}],"collection":[{"href":"https:\/\/colegios.educarex.es\/cpmaxcruzrebosa\/wp-json\/wp\/v2\/pages"}],"about":[{"href":"https:\/\/colegios.educarex.es\/cpmaxcruzrebosa\/wp-json\/wp\/v2\/types\/page"}],"author":[{"embeddable":true,"href":"https:\/\/colegios.educarex.es\/cpmaxcruzrebosa\/wp-json\/wp\/v2\/users\/2"}],"replies":[{"embeddable":true,"href":"https:\/\/colegios.educarex.es\/cpmaxcruzrebosa\/wp-json\/wp\/v2\/comments?post=15"}],"version-history":[{"count":3,"href":"https:\/\/colegios.educarex.es\/cpmaxcruzrebosa\/wp-json\/wp\/v2\/pages\/15\/revisions"}],"predecessor-version":[{"id":1364,"href":"https:\/\/colegios.educarex.es\/cpmaxcruzrebosa\/wp-json\/wp\/v2\/pages\/15\/revisions\/1364"}],"wp:featuredmedia":[{"embeddable":true,"href":"https:\/\/colegios.educarex.es\/cpmaxcruzrebosa\/wp-json\/wp\/v2\/media\/1226"}],"wp:attachment":[{"href":"https:\/\/colegios.educarex.es\/cpmaxcruzrebosa\/wp-json\/wp\/v2\/media?parent=15"}],"curies":[{"name":"wp","href":"https:\/\/api.w.org\/{rel}","templated":true}]}}