{"id":395,"date":"2023-02-25T14:40:21","date_gmt":"2023-02-25T13:40:21","guid":{"rendered":"https:\/\/colegios.educarex.es\/cpluisvives\/?page_id=395"},"modified":"2025-04-11T10:36:38","modified_gmt":"2025-04-11T08:36:38","slug":"proyectosdeinnovacion","status":"publish","type":"page","link":"https:\/\/colegios.educarex.es\/cpluisvives\/departamentos\/proyectosdeinnovacion\/","title":{"rendered":"Proyectos de Innovaci\u00f3n Educativa"},"content":{"rendered":"\n<h2 class=\"wp-block-heading\">Los proyectos de innovaci\u00f3n educativa son iniciativas que buscan mejorar la ense\u00f1anza y el aprendizaje.&nbsp;Se centran en transformar los m\u00e9todos tradicionales y crear entornos de aprendizaje m\u00e1s din\u00e1micos.<\/h2>\n\n\n\n<p>Los proyectos de innovaci\u00f3n educativa son iniciativas que buscan mejorar la ense\u00f1anza y el aprendizaje. &nbsp;Se centran en transformar los m\u00e9todos tradicionales y crear entornos de aprendizaje m\u00e1s din\u00e1micos.&nbsp;<\/p>\n\n\n\n<p>Puedes acceder a nuestros proyectos en el siguiente enlace: <a href=\"https:\/\/colegios.educarex.es\/cpluisvives\/proyectos\/\" data-type=\"link\" data-id=\"https:\/\/colegios.educarex.es\/cpluisvives\/proyectos\/\">PROYECTOS <\/a><\/p>\n\n\n\n\n\n<h2 class=\"wp-block-heading\">Novedades<\/h2>\n\n\n\n\t\t\t<div class=\"wp-block-uagb-post-grid uagb-post-grid  uagb-post__image-position-top uagb-post__image-enabled uagb-block-d2d93309     uagb-post__items uagb-post__columns-2 is-grid uagb-post__columns-tablet-2 uagb-post__columns-mobile-1 uagb-post__equal-height\" data-total=\"0\" style=\"\">\n\n\t\t\t\t\t\t\t\t\t<p class=\"uagb-post__no-posts\">\n\t\t\t\t\t\tNo hay art\u00edculos del departamento de  Filosof\u00eda\t\t\t\t\t<\/p>\n\t\t\t\t\t\t\t\t<\/div>\n\t\t\t","protected":false},"excerpt":{"rendered":"<p>Los proyectos de innovaci\u00f3n educativa son iniciativas que buscan mejorar la ense\u00f1anza y el aprendizaje.&nbsp;Se centran en transformar los m\u00e9todos tradicionales y crear entornos de aprendizaje m\u00e1s din\u00e1micos. Los proyectos [&hellip;]<\/p>\n","protected":false},"author":3624,"featured_media":516,"parent":84,"menu_order":0,"comment_status":"closed","ping_status":"closed","template":"","meta":{"_uag_custom_page_level_css":"","_editorskit_title_hidden":false,"_editorskit_reading_time":1,"_editorskit_is_block_options_detached":false,"_editorskit_block_options_position":"{}","footnotes":""},"class_list":["post-395","page","type-page","status-publish","has-post-thumbnail","hentry"],"uagb_featured_image_src":{"full":["https:\/\/colegios.educarex.es\/cpluisvives\/wp-content\/uploads\/sites\/331\/2023\/03\/icono_departamento_fisica_quimica.png",128,128,false],"thumbnail":["https:\/\/colegios.educarex.es\/cpluisvives\/wp-content\/uploads\/sites\/331\/2023\/03\/icono_departamento_fisica_quimica.png",128,128,false],"medium":["https:\/\/colegios.educarex.es\/cpluisvives\/wp-content\/uploads\/sites\/331\/2023\/03\/icono_departamento_fisica_quimica.png",128,128,false],"medium_large":["https:\/\/colegios.educarex.es\/cpluisvives\/wp-content\/uploads\/sites\/331\/2023\/03\/icono_departamento_fisica_quimica.png",128,128,false],"large":["https:\/\/colegios.educarex.es\/cpluisvives\/wp-content\/uploads\/sites\/331\/2023\/03\/icono_departamento_fisica_quimica.png",128,128,false],"1536x1536":["https:\/\/colegios.educarex.es\/cpluisvives\/wp-content\/uploads\/sites\/331\/2023\/03\/icono_departamento_fisica_quimica.png",128,128,false],"2048x2048":["https:\/\/colegios.educarex.es\/cpluisvives\/wp-content\/uploads\/sites\/331\/2023\/03\/icono_departamento_fisica_quimica.png",128,128,false]},"uagb_author_info":{"display_name":"Margarita Gil Cidoncha","author_link":"https:\/\/colegios.educarex.es\/cpluisvives\/author\/margarita1\/"},"uagb_comment_info":0,"uagb_excerpt":"Los proyectos de innovaci\u00f3n educativa son iniciativas que buscan mejorar la ense\u00f1anza y el aprendizaje.&nbsp;Se centran en transformar los m\u00e9todos tradicionales y crear entornos de aprendizaje m\u00e1s din\u00e1micos. Los proyectos [&hellip;]","_links":{"self":[{"href":"https:\/\/colegios.educarex.es\/cpluisvives\/wp-json\/wp\/v2\/pages\/395","targetHints":{"allow":["GET"]}}],"collection":[{"href":"https:\/\/colegios.educarex.es\/cpluisvives\/wp-json\/wp\/v2\/pages"}],"about":[{"href":"https:\/\/colegios.educarex.es\/cpluisvives\/wp-json\/wp\/v2\/types\/page"}],"author":[{"embeddable":true,"href":"https:\/\/colegios.educarex.es\/cpluisvives\/wp-json\/wp\/v2\/users\/3624"}],"replies":[{"embeddable":true,"href":"https:\/\/colegios.educarex.es\/cpluisvives\/wp-json\/wp\/v2\/comments?post=395"}],"version-history":[{"count":3,"href":"https:\/\/colegios.educarex.es\/cpluisvives\/wp-json\/wp\/v2\/pages\/395\/revisions"}],"predecessor-version":[{"id":3246,"href":"https:\/\/colegios.educarex.es\/cpluisvives\/wp-json\/wp\/v2\/pages\/395\/revisions\/3246"}],"up":[{"embeddable":true,"href":"https:\/\/colegios.educarex.es\/cpluisvives\/wp-json\/wp\/v2\/pages\/84"}],"wp:featuredmedia":[{"embeddable":true,"href":"https:\/\/colegios.educarex.es\/cpluisvives\/wp-json\/wp\/v2\/media\/516"}],"wp:attachment":[{"href":"https:\/\/colegios.educarex.es\/cpluisvives\/wp-json\/wp\/v2\/media?parent=395"}],"curies":[{"name":"wp","href":"https:\/\/api.w.org\/{rel}","templated":true}]}}