{"id":1264,"date":"2025-03-26T18:49:59","date_gmt":"2025-03-26T17:49:59","guid":{"rendered":"https:\/\/colegios.educarex.es\/cpluisvives\/?page_id=1264"},"modified":"2025-04-14T17:59:29","modified_gmt":"2025-04-14T15:59:29","slug":"portugues","status":"publish","type":"page","link":"https:\/\/colegios.educarex.es\/cpluisvives\/departamentos\/portugues\/","title":{"rendered":"Portugu\u00e9s"},"content":{"rendered":"\n<p>El&nbsp;<strong><em>Plan Portugal<\/em>&nbsp;<\/strong>tiene como finalidad, mediante la provisi\u00f3n de profesorado por parte de la Consejer\u00eda de Educaci\u00f3n y Empleo, facilitar la impartici\u00f3n del portugu\u00e9s, como&nbsp;<em><strong>materia no evaluable<\/strong><\/em>, en diferentes centros educativos de la Comunidad Aut\u00f3noma de Extremadura, principalmente de&nbsp;<strong>Educaci\u00f3n Primaria<\/strong>, como una de las numerosas actuaciones educativas adoptadas en nuestra comunidad aut\u00f3noma para el fomento de la lengua y cultura portuguesas al amparo de los&nbsp;<em>Memor\u00e1ndum de Entendimiento<\/em>&nbsp;entre Extremadura y Portugal, firmados en 2009 y en 2018.<\/p>\n\n\n\n<p>El centro ofrece Plan Portugal desde Infantil de 3 a\u00f1os hasta 4\u00ba de Educaci\u00f3n Primaria y Segunda Lengua Portuguesa (evaluable) en 5\u00ba y 6\u00ba de Educaci\u00f3n Primaria <\/p>\n\n\n\n<h2 class=\"wp-block-heading\">Profesorado<\/h2>\n\n\n\n<figure class=\"wp-block-table\"><table class=\"has-fixed-layout\"><thead><tr><th>Nombre<\/th><th>Cargo<\/th><\/tr><\/thead><tbody><tr><td>Gil Cidoncha, Margarita<\/td><td>Directora<br>Responsable de materia <br>Coordinadora PROA +<\/td><\/tr><tr><td>Moreno Rend\u00f3n, Guadalupe<\/td><td>Responsable de Plan Portugal <br><\/td><\/tr><tr><td>N\u00fa\u00f1ez Reina, Ana Mar\u00eda<\/td><td>Tutora<br>Responsable de materia<br>ITED<\/td><\/tr><\/tbody><\/table><\/figure>\n","protected":false},"excerpt":{"rendered":"<p>El&nbsp;Plan Portugal&nbsp;tiene como finalidad, mediante la provisi\u00f3n de profesorado por parte de la Consejer\u00eda de Educaci\u00f3n y Empleo, facilitar la impartici\u00f3n del portugu\u00e9s, como&nbsp;materia no evaluable, en diferentes centros educativos [&hellip;]<\/p>\n","protected":false},"author":2392,"featured_media":1275,"parent":84,"menu_order":0,"comment_status":"closed","ping_status":"closed","template":"","meta":{"_uag_custom_page_level_css":"","_editorskit_title_hidden":true,"_editorskit_reading_time":1,"_editorskit_is_block_options_detached":false,"_editorskit_block_options_position":"{}","footnotes":""},"class_list":["post-1264","page","type-page","status-publish","has-post-thumbnail","hentry"],"uagb_featured_image_src":{"full":["https:\/\/colegios.educarex.es\/cpluisvives\/wp-content\/uploads\/sites\/331\/2025\/03\/portugues-1.png",225,224,false],"thumbnail":["https:\/\/colegios.educarex.es\/cpluisvives\/wp-content\/uploads\/sites\/331\/2025\/03\/portugues-1.png",225,224,false],"medium":["https:\/\/colegios.educarex.es\/cpluisvives\/wp-content\/uploads\/sites\/331\/2025\/03\/portugues-1.png",225,224,false],"medium_large":["https:\/\/colegios.educarex.es\/cpluisvives\/wp-content\/uploads\/sites\/331\/2025\/03\/portugues-1.png",225,224,false],"large":["https:\/\/colegios.educarex.es\/cpluisvives\/wp-content\/uploads\/sites\/331\/2025\/03\/portugues-1.png",225,224,false],"1536x1536":["https:\/\/colegios.educarex.es\/cpluisvives\/wp-content\/uploads\/sites\/331\/2025\/03\/portugues-1.png",225,224,false],"2048x2048":["https:\/\/colegios.educarex.es\/cpluisvives\/wp-content\/uploads\/sites\/331\/2025\/03\/portugues-1.png",225,224,false]},"uagb_author_info":{"display_name":"Margarita Gil Cidoncha","author_link":"https:\/\/colegios.educarex.es\/cpluisvives\/author\/margaritagilc1\/"},"uagb_comment_info":0,"uagb_excerpt":"El&nbsp;Plan Portugal&nbsp;tiene como finalidad, mediante la provisi\u00f3n de profesorado por parte de la Consejer\u00eda de Educaci\u00f3n y Empleo, facilitar la impartici\u00f3n del portugu\u00e9s, como&nbsp;materia no evaluable, en diferentes centros educativos [&hellip;]","_links":{"self":[{"href":"https:\/\/colegios.educarex.es\/cpluisvives\/wp-json\/wp\/v2\/pages\/1264","targetHints":{"allow":["GET"]}}],"collection":[{"href":"https:\/\/colegios.educarex.es\/cpluisvives\/wp-json\/wp\/v2\/pages"}],"about":[{"href":"https:\/\/colegios.educarex.es\/cpluisvives\/wp-json\/wp\/v2\/types\/page"}],"author":[{"embeddable":true,"href":"https:\/\/colegios.educarex.es\/cpluisvives\/wp-json\/wp\/v2\/users\/2392"}],"replies":[{"embeddable":true,"href":"https:\/\/colegios.educarex.es\/cpluisvives\/wp-json\/wp\/v2\/comments?post=1264"}],"version-history":[{"count":3,"href":"https:\/\/colegios.educarex.es\/cpluisvives\/wp-json\/wp\/v2\/pages\/1264\/revisions"}],"predecessor-version":[{"id":3300,"href":"https:\/\/colegios.educarex.es\/cpluisvives\/wp-json\/wp\/v2\/pages\/1264\/revisions\/3300"}],"up":[{"embeddable":true,"href":"https:\/\/colegios.educarex.es\/cpluisvives\/wp-json\/wp\/v2\/pages\/84"}],"wp:featuredmedia":[{"embeddable":true,"href":"https:\/\/colegios.educarex.es\/cpluisvives\/wp-json\/wp\/v2\/media\/1275"}],"wp:attachment":[{"href":"https:\/\/colegios.educarex.es\/cpluisvives\/wp-json\/wp\/v2\/media?parent=1264"}],"curies":[{"name":"wp","href":"https:\/\/api.w.org\/{rel}","templated":true}]}}