{"id":80,"date":"2023-02-01T11:58:10","date_gmt":"2023-02-01T10:58:10","guid":{"rendered":"https:\/\/colegios.educarex.es\/cpgarciasineriz\/?page_id=80"},"modified":"2025-02-19T16:48:50","modified_gmt":"2025-02-19T15:48:50","slug":"organizacion","status":"publish","type":"page","link":"https:\/\/colegios.educarex.es\/cpgarciasineriz\/informacion\/organizacion\/","title":{"rendered":"Organizaci\u00f3n"},"content":{"rendered":"\n<p class=\"eplus-wrapper\">Los principales \u00f3rganos de nuestro centro educativos son los siguientes:<\/p>\n\n\n\n<h2 class=\"wp-block-heading eplus-wrapper\">Equipo directivo<\/h2>\n\n\n\n<figure class=\"wp-block-table is-style-stripes eplus-wrapper\"><table><tbody><tr><td><strong>Director\/a:<\/strong> D. Jos\u00e9 Gabriel Fern\u00e1ndez G\u00f3mez.<\/td><td><\/td><\/tr><tr><td><strong>Secretario\/a:<\/strong> D. Francisco Javier Barquero Vecino.<\/td><td><\/td><\/tr><tr><td><strong>Jefe\/a de estudios<\/strong>: Do\u00f1a Mar\u00eda Garc\u00eda Mart\u00ednez.<\/td><td><\/td><\/tr><\/tbody><\/table><\/figure>\n\n\n\n<h2 class=\"wp-block-heading eplus-wrapper\">Claustro<\/h2>\n\n\n\n<figure class=\"wp-block-table is-style-stripes eplus-wrapper\"><table><tbody><tr><td>Acedo Bravo, Soraya<br>Alba Fern\u00e1ndez, Raquel<br>\u00c1lvarez Palomino, Mar\u00eda Teresa<br>Barquero Vecino, Francisco Javier<br>C\u00e1ceres Burgos, Mar\u00eda Jos\u00e9<br>Calder\u00f3n L\u00e1zaro, Mar\u00eda<br>Calder\u00f3n Ruiz, Natalia<br>Carreira Sanguino, Mar\u00eda del Carmen<br>Castuera Cintero, M. Isabel<br>Cerrillo Borrallo, Mar\u00eda del Mar<br>Corrales Vega, Mar\u00eda Dolores<br>Cruz Cruz, Guadalupe<br>Cuello Casta\u00f1o, Mar\u00eda Jes\u00fas<br>Fern\u00e1ndez G\u00f3mez, Jos\u00e9 Gabriel<br>Fern\u00e1ndez Jim\u00e9nez, Isabel<br>Flores Abreu, Sandra M.<br>Fuentes Campos, Yomara<br>Garc\u00eda Cosme, Isabel A.<br>Garc\u00eda Mart\u00ednez, Mar\u00eda<br>Gonz\u00e1lez P\u00e1ez, M.Jes\u00fas<br>Grijota Tejeda, Antonia<br>Mateos N\u00fa\u00f1ez, Judit<br>Mogoll\u00f3n Bravo, Cristina<br>Molano P\u00e9rez, Catalina<br>Monteserin Molano, M. Carmen<br>P\u00e9rez Mellen, Juan Pablo<br>P\u00e9rez P\u00e9rez, Margarita<br>P\u00e9rez Rom\u00e1n, Cristina<br>Pino Moreno, Miguel \u00c1ngel<br>Romero Herrera, Manuel Mar\u00eda<br>S\u00e1nchez Ruiz, Ana Mar\u00eda<br>Santiago Moreno, Rebeca<br>Sauceda Nieto, Alfonso<br>Soleto Barambones, Marcelina<br>Su\u00e1rez Gonz\u00e1lez, Ana Mar\u00eda<br>Teno Correyero, Laura<\/td><td><\/td><\/tr><tr><td><\/td><td><\/td><\/tr><tr><td><\/td><td><\/td><\/tr><\/tbody><\/table><\/figure>\n\n\n\n<h2 class=\"wp-block-heading eplus-wrapper\">Consejo escolar<\/h2>\n\n\n\n<figure class=\"wp-block-table is-style-stripes eplus-wrapper\"><table><tbody><tr><td>Presidente. Fern\u00e1ndez G\u00f3mez, Jos\u00e9 Gabriel.<br>Garc\u00eda Mart\u00ednez, Mar\u00eda.<br>Barquero Vecino, Francisco Javier.<br>Cruz Cruz, Guadalupe (profesorado).<br>Molano P\u00e9rez, Catalina (profesorado).<br>Cerrillo Borrallo, Mar\u00eda del Mar. (profesorado).<br>S\u00e1nchez Ruiz, Ana Mar\u00eda. (profesorado).<br>Castuera Cintero, M. Isabel. (profesorado).<br>S\u00e1nchez Leandro, Inmaculada (responsables legales).<br>S\u00e1nchez Porro Aldana, Mar\u00eda del Pilar (responsables legales).<br>Valares Masa, Cristina. (responsables legales).<br>Hip\u00f3lito S\u00e1nchez, Mar\u00eda Jes\u00fas. (responsables legales).<br>Rodr\u00edguez Pintado, Mar\u00eda del Carmen (representante de la AMPA).<br>Masa Cuadrado, Laura. (representante del Ayuntamiento).<\/td><td><\/td><\/tr><tr><td><\/td><td><\/td><\/tr><tr><td><\/td><td><\/td><\/tr><\/tbody><\/table><\/figure>\n\n\n\n<h2 class=\"wp-block-heading eplus-wrapper\">CCP<\/h2>\n\n\n\n<figure class=\"wp-block-table is-style-stripes eplus-wrapper\"><table><tbody><tr><td> Fern\u00e1ndez G\u00f3mez, Jos\u00e9 Gabriel.<br>Garc\u00eda Mart\u00ednez, Mar\u00eda.<br>Coordinadora Educaci\u00f3n Infantil, Mogoll\u00f3n Bravo, Cristina.<br>Coordinadora Primer Ciclo EP, P\u00e9rez Rom\u00e1n, Cristina.<br>Coordinadora Segundo Ciclo EP, Alba Fern\u00e1ndez, Raquel.<br>Coordinadora Tercer Ciclo EP, Pino Moreno, Miguel \u00c1ngel.<br>Coordinador ITED, Sauceda Nieto, Alfonso.<br>Coordinadora Bibloteca, Monteser\u00edn Moyano, M. Carmen.<\/td><td><\/td><\/tr><tr><td><\/td><td><\/td><\/tr><tr><td><\/td><td><\/td><\/tr><\/tbody><\/table><\/figure>\n","protected":false},"excerpt":{"rendered":"<p>Los principales \u00f3rganos de nuestro centro educativos son los siguientes: Equipo directivo Director\/a: D. Jos\u00e9 Gabriel Fern\u00e1ndez G\u00f3mez. Secretario\/a: D. Francisco Javier Barquero Vecino. Jefe\/a de estudios: Do\u00f1a Mar\u00eda Garc\u00eda [&hellip;]<\/p>\n","protected":false},"author":2,"featured_media":488,"parent":64,"menu_order":0,"comment_status":"closed","ping_status":"closed","template":"","meta":{"_uag_custom_page_level_css":"","_editorskit_title_hidden":true,"_editorskit_reading_time":1,"_editorskit_is_block_options_detached":false,"_editorskit_block_options_position":"{}","footnotes":""},"class_list":["post-80","page","type-page","status-publish","has-post-thumbnail","hentry"],"uagb_featured_image_src":{"full":["https:\/\/colegios.educarex.es\/cpgarciasineriz\/wp-content\/uploads\/sites\/232\/2023\/03\/banner_espacio_organizacion.png",1024,178,false],"thumbnail":["https:\/\/colegios.educarex.es\/cpgarciasineriz\/wp-content\/uploads\/sites\/232\/2023\/03\/banner_espacio_organizacion.png",300,52,false],"medium":["https:\/\/colegios.educarex.es\/cpgarciasineriz\/wp-content\/uploads\/sites\/232\/2023\/03\/banner_espacio_organizacion.png",600,104,false],"medium_large":["https:\/\/colegios.educarex.es\/cpgarciasineriz\/wp-content\/uploads\/sites\/232\/2023\/03\/banner_espacio_organizacion-768x134.png",768,134,true],"large":["https:\/\/colegios.educarex.es\/cpgarciasineriz\/wp-content\/uploads\/sites\/232\/2023\/03\/banner_espacio_organizacion.png",1024,178,false],"1536x1536":["https:\/\/colegios.educarex.es\/cpgarciasineriz\/wp-content\/uploads\/sites\/232\/2023\/03\/banner_espacio_organizacion.png",1024,178,false],"2048x2048":["https:\/\/colegios.educarex.es\/cpgarciasineriz\/wp-content\/uploads\/sites\/232\/2023\/03\/banner_espacio_organizacion.png",1024,178,false]},"uagb_author_info":{"display_name":"Manuel Narv\u00e1ez Mart\u00ednez","author_link":"https:\/\/colegios.educarex.es\/cpgarciasineriz\/author\/admin257\/"},"uagb_comment_info":0,"uagb_excerpt":"Los principales \u00f3rganos de nuestro centro educativos son los siguientes: Equipo directivo Director\/a: D. Jos\u00e9 Gabriel Fern\u00e1ndez G\u00f3mez. Secretario\/a: D. Francisco Javier Barquero Vecino. Jefe\/a de estudios: Do\u00f1a Mar\u00eda Garc\u00eda [&hellip;]","_links":{"self":[{"href":"https:\/\/colegios.educarex.es\/cpgarciasineriz\/wp-json\/wp\/v2\/pages\/80","targetHints":{"allow":["GET"]}}],"collection":[{"href":"https:\/\/colegios.educarex.es\/cpgarciasineriz\/wp-json\/wp\/v2\/pages"}],"about":[{"href":"https:\/\/colegios.educarex.es\/cpgarciasineriz\/wp-json\/wp\/v2\/types\/page"}],"author":[{"embeddable":true,"href":"https:\/\/colegios.educarex.es\/cpgarciasineriz\/wp-json\/wp\/v2\/users\/2"}],"replies":[{"embeddable":true,"href":"https:\/\/colegios.educarex.es\/cpgarciasineriz\/wp-json\/wp\/v2\/comments?post=80"}],"version-history":[{"count":2,"href":"https:\/\/colegios.educarex.es\/cpgarciasineriz\/wp-json\/wp\/v2\/pages\/80\/revisions"}],"predecessor-version":[{"id":1691,"href":"https:\/\/colegios.educarex.es\/cpgarciasineriz\/wp-json\/wp\/v2\/pages\/80\/revisions\/1691"}],"up":[{"embeddable":true,"href":"https:\/\/colegios.educarex.es\/cpgarciasineriz\/wp-json\/wp\/v2\/pages\/64"}],"wp:featuredmedia":[{"embeddable":true,"href":"https:\/\/colegios.educarex.es\/cpgarciasineriz\/wp-json\/wp\/v2\/media\/488"}],"wp:attachment":[{"href":"https:\/\/colegios.educarex.es\/cpgarciasineriz\/wp-json\/wp\/v2\/media?parent=80"}],"curies":[{"name":"wp","href":"https:\/\/api.w.org\/{rel}","templated":true}]}}