{"id":259,"date":"2023-02-22T12:04:07","date_gmt":"2023-02-22T11:04:07","guid":{"rendered":"https:\/\/colegios.educarex.es\/cpgarciasineriz\/?page_id=259"},"modified":"2025-11-11T12:16:11","modified_gmt":"2025-11-11T11:16:11","slug":"abies","status":"publish","type":"page","link":"https:\/\/colegios.educarex.es\/cpgarciasineriz\/proyectos\/abies\/","title":{"rendered":"Proyecto intergeneracional"},"content":{"rendered":"\n<p>La presente Instrucci\u00f3n tiene por objeto establecer el protocolo de participaci\u00f3n y<br>selecci\u00f3n de centros docentes de ense\u00f1anzas no universitarias sostenidos con fondos<br>p\u00fablicos de la Comunidad Aut\u00f3noma de Extremadura para que incorporen, en su<br>Proyecto Educativo de Centro, programas, proyectos o acciones intergeneracionales.<\/p>\n\n\n\n<p>La finalidad es promover zonas de contacto intergeneracional donde generar nuevas<br>din\u00e1micas relacionales desde planos de igualdad para obtener beneficios mutuos y<br>favorecer metodolog\u00edas innovadoras, as\u00ed como medir el impacto de este tipo de<br>programas en el alumnado de todas las etapas educativas.<\/p>\n\n\n\n<p>Para m\u00e1s informaci\u00f3n:<\/p>\n\n\n\n<div data-wp-interactive=\"core\/file\" class=\"wp-block-file\"><object data-wp-bind--hidden=\"!state.hasPdfPreview\" hidden class=\"wp-block-file__embed\" data=\"https:\/\/colegios.educarex.es\/cpgarciasineriz\/wp-content\/uploads\/sites\/232\/2025\/11\/Instruccion-Programa-Intergeneracional-2025_2026_1F.pdf\" type=\"application\/pdf\" style=\"width:100%;height:600px\" aria-label=\"Incrustado de Instruccion Programa Intergeneracional 2025_2026_1(F).\"><\/object><a id=\"wp-block-file--media-153275c1-8e69-438c-b3a5-3554f1f218eb\" href=\"https:\/\/colegios.educarex.es\/cpgarciasineriz\/wp-content\/uploads\/sites\/232\/2025\/11\/Instruccion-Programa-Intergeneracional-2025_2026_1F.pdf\">Instruccion Programa Intergeneracional 2025_2026_1(F)<\/a><a href=\"https:\/\/colegios.educarex.es\/cpgarciasineriz\/wp-content\/uploads\/sites\/232\/2025\/11\/Instruccion-Programa-Intergeneracional-2025_2026_1F.pdf\" class=\"wp-block-file__button wp-element-button\" download aria-describedby=\"wp-block-file--media-153275c1-8e69-438c-b3a5-3554f1f218eb\">Descarga<\/a><\/div>\n","protected":false},"excerpt":{"rendered":"<p>La presente Instrucci\u00f3n tiene por objeto establecer el protocolo de participaci\u00f3n yselecci\u00f3n de centros docentes de ense\u00f1anzas no universitarias sostenidos con fondosp\u00fablicos de la Comunidad Aut\u00f3noma de Extremadura para que [&hellip;]<\/p>\n","protected":false},"author":2,"featured_media":1686,"parent":69,"menu_order":0,"comment_status":"closed","ping_status":"closed","template":"","meta":{"_uag_custom_page_level_css":"","_editorskit_title_hidden":true,"_editorskit_reading_time":1,"_editorskit_is_block_options_detached":false,"_editorskit_block_options_position":"{}","footnotes":""},"class_list":["post-259","page","type-page","status-publish","has-post-thumbnail","hentry"],"uagb_featured_image_src":{"full":["https:\/\/colegios.educarex.es\/cpgarciasineriz\/wp-content\/uploads\/sites\/232\/2025\/02\/INSTRUCCION2-74deb60d.webp",734,234,false],"thumbnail":["https:\/\/colegios.educarex.es\/cpgarciasineriz\/wp-content\/uploads\/sites\/232\/2025\/02\/INSTRUCCION2-74deb60d-300x234.webp",300,234,true],"medium":["https:\/\/colegios.educarex.es\/cpgarciasineriz\/wp-content\/uploads\/sites\/232\/2025\/02\/INSTRUCCION2-74deb60d-600x191.webp",600,191,true],"medium_large":["https:\/\/colegios.educarex.es\/cpgarciasineriz\/wp-content\/uploads\/sites\/232\/2025\/02\/INSTRUCCION2-74deb60d.webp",734,234,false],"large":["https:\/\/colegios.educarex.es\/cpgarciasineriz\/wp-content\/uploads\/sites\/232\/2025\/02\/INSTRUCCION2-74deb60d.webp",734,234,false],"1536x1536":["https:\/\/colegios.educarex.es\/cpgarciasineriz\/wp-content\/uploads\/sites\/232\/2025\/02\/INSTRUCCION2-74deb60d.webp",734,234,false],"2048x2048":["https:\/\/colegios.educarex.es\/cpgarciasineriz\/wp-content\/uploads\/sites\/232\/2025\/02\/INSTRUCCION2-74deb60d.webp",734,234,false]},"uagb_author_info":{"display_name":"Manuel Narv\u00e1ez Mart\u00ednez","author_link":"https:\/\/colegios.educarex.es\/cpgarciasineriz\/author\/admin257\/"},"uagb_comment_info":0,"uagb_excerpt":"La presente Instrucci\u00f3n tiene por objeto establecer el protocolo de participaci\u00f3n yselecci\u00f3n de centros docentes de ense\u00f1anzas no universitarias sostenidos con fondosp\u00fablicos de la Comunidad Aut\u00f3noma de Extremadura para que [&hellip;]","_links":{"self":[{"href":"https:\/\/colegios.educarex.es\/cpgarciasineriz\/wp-json\/wp\/v2\/pages\/259","targetHints":{"allow":["GET"]}}],"collection":[{"href":"https:\/\/colegios.educarex.es\/cpgarciasineriz\/wp-json\/wp\/v2\/pages"}],"about":[{"href":"https:\/\/colegios.educarex.es\/cpgarciasineriz\/wp-json\/wp\/v2\/types\/page"}],"author":[{"embeddable":true,"href":"https:\/\/colegios.educarex.es\/cpgarciasineriz\/wp-json\/wp\/v2\/users\/2"}],"replies":[{"embeddable":true,"href":"https:\/\/colegios.educarex.es\/cpgarciasineriz\/wp-json\/wp\/v2\/comments?post=259"}],"version-history":[{"count":3,"href":"https:\/\/colegios.educarex.es\/cpgarciasineriz\/wp-json\/wp\/v2\/pages\/259\/revisions"}],"predecessor-version":[{"id":2277,"href":"https:\/\/colegios.educarex.es\/cpgarciasineriz\/wp-json\/wp\/v2\/pages\/259\/revisions\/2277"}],"up":[{"embeddable":true,"href":"https:\/\/colegios.educarex.es\/cpgarciasineriz\/wp-json\/wp\/v2\/pages\/69"}],"wp:featuredmedia":[{"embeddable":true,"href":"https:\/\/colegios.educarex.es\/cpgarciasineriz\/wp-json\/wp\/v2\/media\/1686"}],"wp:attachment":[{"href":"https:\/\/colegios.educarex.es\/cpgarciasineriz\/wp-json\/wp\/v2\/media?parent=259"}],"curies":[{"name":"wp","href":"https:\/\/api.w.org\/{rel}","templated":true}]}}