{"id":238,"date":"2023-02-22T11:43:12","date_gmt":"2023-02-22T10:43:12","guid":{"rendered":"https:\/\/colegios.educarex.es\/cpgarciasineriz\/?page_id=238"},"modified":"2025-02-18T17:39:02","modified_gmt":"2025-02-18T16:39:02","slug":"contacta-con-nosotros","status":"publish","type":"page","link":"https:\/\/colegios.educarex.es\/cpgarciasineriz\/contacta-con-nosotros\/","title":{"rendered":"Contacta con nosotros"},"content":{"rendered":"\n<h2 class=\"wp-block-heading\">Direcci\u00f3n<\/h2>\n\n\n\n<p>C.E.I.P. GARC\u00cdA SI\u00d1ERIZ<\/p>\n\n\n\n<p>Edificio I Avda Cruz de los Pajares, 110<\/p>\n\n\n\n<p>Edificio II Avda Garc\u00eda Si\u00f1eriz, s\/n<\/p>\n\n\n\n<p>10100 Miajadas, C\u00e1ceres<\/p>\n\n\n\n<h2 class=\"wp-block-heading\">Tel\u00e9fono<\/h2>\n\n\n\n<p>Edificio I 927160050 \/ Edificio II 927 029 685 <\/p>\n\n\n\n\n\n<p><strong>P\u00e1gina WEB<\/strong><\/p>\n\n\n\n<figure class=\"wp-block-embed is-type-wp-embed is-provider-c-e-i-p-garc-a-si-eriz wp-block-embed-c-e-i-p-garc-a-si-eriz\"><div class=\"wp-block-embed__wrapper\">\n<blockquote class=\"wp-embedded-content\" data-secret=\"0nk71TSazK\"><a href=\"https:\/\/colegios.educarex.es\/cpgarciasineriz\/\">Inicio<\/a><\/blockquote><iframe loading=\"lazy\" class=\"wp-embedded-content\" sandbox=\"allow-scripts\" security=\"restricted\" style=\"position: absolute; visibility: hidden;\" title=\"\u00abInicio\u00bb \u2014 C.E.I.P. Garc\u00eda Si\u00f1eriz\" src=\"https:\/\/colegios.educarex.es\/cpgarciasineriz\/embed\/#?secret=AfpZE5JnMx#?secret=0nk71TSazK\" data-secret=\"0nk71TSazK\" width=\"500\" height=\"282\" frameborder=\"0\" marginwidth=\"0\" marginheight=\"0\" scrolling=\"no\"><\/iframe>\n<\/div><\/figure>\n\n\n\n<p><strong>CORREO ELECTR\u00d3NICO<\/strong><\/p>\n\n\n\n<p>cp.garciasineriz@educarex.es<\/p>\n\n\n\n<p><\/p>\n","protected":false},"excerpt":{"rendered":"<p>Direcci\u00f3n C.E.I.P. GARC\u00cdA SI\u00d1ERIZ Edificio I Avda Cruz de los Pajares, 110 Edificio II Avda Garc\u00eda Si\u00f1eriz, s\/n 10100 Miajadas, C\u00e1ceres Tel\u00e9fono Edificio I 927160050 \/ Edificio II 927 029 [&hellip;]<\/p>\n","protected":false},"author":2,"featured_media":493,"parent":0,"menu_order":0,"comment_status":"closed","ping_status":"closed","template":"","meta":{"_uag_custom_page_level_css":"","_editorskit_title_hidden":true,"_editorskit_reading_time":1,"_editorskit_is_block_options_detached":false,"_editorskit_block_options_position":"{}","footnotes":""},"class_list":["post-238","page","type-page","status-publish","has-post-thumbnail","hentry"],"uagb_featured_image_src":{"full":["https:\/\/colegios.educarex.es\/cpgarciasineriz\/wp-content\/uploads\/sites\/232\/2023\/03\/banner_espacio_contactos.png",1024,178,false],"thumbnail":["https:\/\/colegios.educarex.es\/cpgarciasineriz\/wp-content\/uploads\/sites\/232\/2023\/03\/banner_espacio_contactos.png",300,52,false],"medium":["https:\/\/colegios.educarex.es\/cpgarciasineriz\/wp-content\/uploads\/sites\/232\/2023\/03\/banner_espacio_contactos.png",600,104,false],"medium_large":["https:\/\/colegios.educarex.es\/cpgarciasineriz\/wp-content\/uploads\/sites\/232\/2023\/03\/banner_espacio_contactos-768x134.png",768,134,true],"large":["https:\/\/colegios.educarex.es\/cpgarciasineriz\/wp-content\/uploads\/sites\/232\/2023\/03\/banner_espacio_contactos.png",1024,178,false],"1536x1536":["https:\/\/colegios.educarex.es\/cpgarciasineriz\/wp-content\/uploads\/sites\/232\/2023\/03\/banner_espacio_contactos.png",1024,178,false],"2048x2048":["https:\/\/colegios.educarex.es\/cpgarciasineriz\/wp-content\/uploads\/sites\/232\/2023\/03\/banner_espacio_contactos.png",1024,178,false]},"uagb_author_info":{"display_name":"Manuel Narv\u00e1ez Mart\u00ednez","author_link":"https:\/\/colegios.educarex.es\/cpgarciasineriz\/author\/admin257\/"},"uagb_comment_info":0,"uagb_excerpt":"Direcci\u00f3n C.E.I.P. GARC\u00cdA SI\u00d1ERIZ Edificio I Avda Cruz de los Pajares, 110 Edificio II Avda Garc\u00eda Si\u00f1eriz, s\/n 10100 Miajadas, C\u00e1ceres Tel\u00e9fono Edificio I 927160050 \/ Edificio II 927 029 [&hellip;]","_links":{"self":[{"href":"https:\/\/colegios.educarex.es\/cpgarciasineriz\/wp-json\/wp\/v2\/pages\/238","targetHints":{"allow":["GET"]}}],"collection":[{"href":"https:\/\/colegios.educarex.es\/cpgarciasineriz\/wp-json\/wp\/v2\/pages"}],"about":[{"href":"https:\/\/colegios.educarex.es\/cpgarciasineriz\/wp-json\/wp\/v2\/types\/page"}],"author":[{"embeddable":true,"href":"https:\/\/colegios.educarex.es\/cpgarciasineriz\/wp-json\/wp\/v2\/users\/2"}],"replies":[{"embeddable":true,"href":"https:\/\/colegios.educarex.es\/cpgarciasineriz\/wp-json\/wp\/v2\/comments?post=238"}],"version-history":[{"count":3,"href":"https:\/\/colegios.educarex.es\/cpgarciasineriz\/wp-json\/wp\/v2\/pages\/238\/revisions"}],"predecessor-version":[{"id":1291,"href":"https:\/\/colegios.educarex.es\/cpgarciasineriz\/wp-json\/wp\/v2\/pages\/238\/revisions\/1291"}],"wp:featuredmedia":[{"embeddable":true,"href":"https:\/\/colegios.educarex.es\/cpgarciasineriz\/wp-json\/wp\/v2\/media\/493"}],"wp:attachment":[{"href":"https:\/\/colegios.educarex.es\/cpgarciasineriz\/wp-json\/wp\/v2\/media?parent=238"}],"curies":[{"name":"wp","href":"https:\/\/api.w.org\/{rel}","templated":true}]}}