{"id":2213,"date":"2025-10-20T18:32:29","date_gmt":"2025-10-20T16:32:29","guid":{"rendered":"https:\/\/colegios.educarex.es\/cpgarciasineriz\/?page_id=2213"},"modified":"2025-10-20T18:32:29","modified_gmt":"2025-10-20T16:32:29","slug":"act-extra-y-comple-ep","status":"publish","type":"page","link":"https:\/\/colegios.educarex.es\/cpgarciasineriz\/act-extra-y-comple-ep\/","title":{"rendered":"Act. extra.y comple. EP."},"content":{"rendered":"","protected":false},"excerpt":{"rendered":"","protected":false},"author":1527,"featured_media":0,"parent":0,"menu_order":0,"comment_status":"closed","ping_status":"closed","template":"","meta":{"_uag_custom_page_level_css":"","_editorskit_title_hidden":false,"_editorskit_reading_time":0,"_editorskit_is_block_options_detached":false,"_editorskit_block_options_position":"{}","footnotes":""},"class_list":["post-2213","page","type-page","status-publish","hentry"],"uagb_featured_image_src":{"full":false,"thumbnail":false,"medium":false,"medium_large":false,"large":false,"1536x1536":false,"2048x2048":false},"uagb_author_info":{"display_name":"Jos\u00e9 Gabriel Fern\u00e1ndez G\u00f3mez","author_link":"https:\/\/colegios.educarex.es\/cpgarciasineriz\/author\/jgfernandezg01\/"},"uagb_comment_info":0,"uagb_excerpt":null,"_links":{"self":[{"href":"https:\/\/colegios.educarex.es\/cpgarciasineriz\/wp-json\/wp\/v2\/pages\/2213","targetHints":{"allow":["GET"]}}],"collection":[{"href":"https:\/\/colegios.educarex.es\/cpgarciasineriz\/wp-json\/wp\/v2\/pages"}],"about":[{"href":"https:\/\/colegios.educarex.es\/cpgarciasineriz\/wp-json\/wp\/v2\/types\/page"}],"author":[{"embeddable":true,"href":"https:\/\/colegios.educarex.es\/cpgarciasineriz\/wp-json\/wp\/v2\/users\/1527"}],"replies":[{"embeddable":true,"href":"https:\/\/colegios.educarex.es\/cpgarciasineriz\/wp-json\/wp\/v2\/comments?post=2213"}],"version-history":[{"count":1,"href":"https:\/\/colegios.educarex.es\/cpgarciasineriz\/wp-json\/wp\/v2\/pages\/2213\/revisions"}],"predecessor-version":[{"id":2214,"href":"https:\/\/colegios.educarex.es\/cpgarciasineriz\/wp-json\/wp\/v2\/pages\/2213\/revisions\/2214"}],"wp:attachment":[{"href":"https:\/\/colegios.educarex.es\/cpgarciasineriz\/wp-json\/wp\/v2\/media?parent=2213"}],"curies":[{"name":"wp","href":"https:\/\/api.w.org\/{rel}","templated":true}]}}