{"id":2170,"date":"2025-10-20T09:54:04","date_gmt":"2025-10-20T07:54:04","guid":{"rendered":"https:\/\/colegios.educarex.es\/cpgarciasineriz\/?page_id=2170"},"modified":"2025-10-20T09:54:04","modified_gmt":"2025-10-20T07:54:04","slug":"4-anos","status":"publish","type":"page","link":"https:\/\/colegios.educarex.es\/cpgarciasineriz\/4-anos\/","title":{"rendered":"4 A\u00d1OS."},"content":{"rendered":"","protected":false},"excerpt":{"rendered":"","protected":false},"author":1527,"featured_media":0,"parent":0,"menu_order":0,"comment_status":"closed","ping_status":"closed","template":"","meta":{"_uag_custom_page_level_css":"","_editorskit_title_hidden":false,"_editorskit_reading_time":0,"_editorskit_is_block_options_detached":false,"_editorskit_block_options_position":"{}","footnotes":""},"class_list":["post-2170","page","type-page","status-publish","hentry"],"uagb_featured_image_src":{"full":false,"thumbnail":false,"medium":false,"medium_large":false,"large":false,"1536x1536":false,"2048x2048":false},"uagb_author_info":{"display_name":"Jos\u00e9 Gabriel Fern\u00e1ndez G\u00f3mez","author_link":"https:\/\/colegios.educarex.es\/cpgarciasineriz\/author\/jgfernandezg01\/"},"uagb_comment_info":0,"uagb_excerpt":null,"_links":{"self":[{"href":"https:\/\/colegios.educarex.es\/cpgarciasineriz\/wp-json\/wp\/v2\/pages\/2170","targetHints":{"allow":["GET"]}}],"collection":[{"href":"https:\/\/colegios.educarex.es\/cpgarciasineriz\/wp-json\/wp\/v2\/pages"}],"about":[{"href":"https:\/\/colegios.educarex.es\/cpgarciasineriz\/wp-json\/wp\/v2\/types\/page"}],"author":[{"embeddable":true,"href":"https:\/\/colegios.educarex.es\/cpgarciasineriz\/wp-json\/wp\/v2\/users\/1527"}],"replies":[{"embeddable":true,"href":"https:\/\/colegios.educarex.es\/cpgarciasineriz\/wp-json\/wp\/v2\/comments?post=2170"}],"version-history":[{"count":1,"href":"https:\/\/colegios.educarex.es\/cpgarciasineriz\/wp-json\/wp\/v2\/pages\/2170\/revisions"}],"predecessor-version":[{"id":2171,"href":"https:\/\/colegios.educarex.es\/cpgarciasineriz\/wp-json\/wp\/v2\/pages\/2170\/revisions\/2171"}],"wp:attachment":[{"href":"https:\/\/colegios.educarex.es\/cpgarciasineriz\/wp-json\/wp\/v2\/media?parent=2170"}],"curies":[{"name":"wp","href":"https:\/\/api.w.org\/{rel}","templated":true}]}}