{"id":1982,"date":"2025-03-02T17:52:41","date_gmt":"2025-03-02T16:52:41","guid":{"rendered":"https:\/\/colegios.educarex.es\/cpgarciasineriz\/?page_id=1982"},"modified":"2025-11-20T09:52:21","modified_gmt":"2025-11-20T08:52:21","slug":"consejo-escolar","status":"publish","type":"page","link":"https:\/\/colegios.educarex.es\/cpgarciasineriz\/consejo-escolar\/","title":{"rendered":"Consejo Escolar."},"content":{"rendered":"\n<p><\/p>\n\n\n\n<figure class=\"wp-block-table\"><table class=\"has-fixed-layout\"><tbody><tr><td><strong>Equipo Directivo<\/strong><br>Fern\u00e1ndez G\u00f3mez, Jos\u00e9 Gabriel (DIRECCI\u00d3N).<br><strong>Equipo Directivo <\/strong><br>Garc\u00eda Mart\u00ednez, Mar\u00eda (JEFATURA DE ESTUDIOS).<br><strong>Equipo Directivo <\/strong><br>Barquero Vecino, Francisco Javier (SECRETAR\u00cdA).<br><br><strong>(REPRESENTANTE DE LA A.M.P.A. MAYORITARIA)<\/strong>.<br>Madres y padres Rodr\u00edguez Pintado, Mar\u00eda del Carmen.<br><br><strong>(REPRESENTANTES SECTOR PADRES Y MADRES).<\/strong><br>Madres y padres S\u00e1nchez Leandro, Inmaculada.<br>Madres y padres Valares Masa, Cristina.<br><br><strong>(REPRESENTANTES PROFESORADO)<\/strong><br>Profesorado Cruz Cruz, Guadalupe.<br>Profesorado Molano P\u00e9rez, Catalina.<br>Profesorado S\u00e1nchez Ruiz, Ana Mar\u00eda.<br>Profesorado Grijota Tejeda, Antonia<br><br><strong>(REPRESENTANTE DEL AYUNTAMIENTO)<\/strong>.<br>Masa Cuadrado, Laura.<\/td><\/tr><\/tbody><\/table><\/figure>\n\n\n\n<p><strong>FUNCIONES DEL CONSEJO ESCOLAR.<\/strong><\/p>\n\n\n\n<p>Las funciones del consejo escolar en los colegios de Extremadura incluyen la participaci\u00f3n en la aprobaci\u00f3n del Proyecto Educativo, la Programaci\u00f3n General Anual y el presupuesto del centro, as\u00ed como la evaluaci\u00f3n de su funcionamiento.&nbsp;Tambi\u00e9n se encarga de aprobar las Normas de Organizaci\u00f3n y Funcionamiento y el Plan de Convivencia, y asesora en la selecci\u00f3n y nombramiento del director\/a.&nbsp;<\/p>\n\n\n\n<p><strong>Funciones de aprobaci\u00f3n y evaluaci\u00f3n<\/strong><\/p>\n\n\n\n<ul class=\"wp-block-list\">\n<li><strong>Aprobar y evaluar el Proyecto Educativo y de Gesti\u00f3n:<\/strong>&nbsp;Esto incluye el presupuesto, las actividades y otros aspectos relacionados con la gesti\u00f3n del centro.<\/li>\n\n\n\n<li><strong>Aprobar y evaluar la Programaci\u00f3n General Anual:<\/strong>&nbsp;Se aprueba la programaci\u00f3n anual del centro, sin perjuicio de las competencias del Claustro de profesores en cuanto a la planificaci\u00f3n docente.<\/li>\n\n\n\n<li><strong>Aprobar las Normas de Organizaci\u00f3n y Funcionamiento y el Plan de Convivencia:<\/strong>&nbsp;El consejo escolar aprueba estas normativas que regulan la vida del centro.&nbsp;<\/li>\n<\/ul>\n\n\n\n<p><strong>Funciones de asesoramiento y consulta<\/strong><\/p>\n\n\n\n<ul class=\"wp-block-list\">\n<li><strong>Asesorar sobre la programaci\u00f3n general anual, criterios de financiaci\u00f3n y planes de innovaci\u00f3n educativa:<\/strong>&nbsp;El consejo escolar es consultado sobre estos asuntos.<\/li>\n\n\n\n<li><strong>Formular propuestas y sugerencias a la Consejer\u00eda competente en materia de educaci\u00f3n:<\/strong>&nbsp;Se pueden proponer ideas sobre diferentes niveles del sistema educativo.<\/li>\n\n\n\n<li><strong>Emitir dict\u00e1menes o informes sobre asuntos relevantes:<\/strong>&nbsp;Se elaboran informes sobre asuntos que le son sometidos a su consideraci\u00f3n.<\/li>\n\n\n\n<li><strong>Solicitar informaci\u00f3n educativa:<\/strong>&nbsp;Se puede pedir la informaci\u00f3n que se estime necesaria para el desarrollo de sus funciones.&nbsp;<\/li>\n<\/ul>\n\n\n\n<p><strong>Funciones de participaci\u00f3n<\/strong><\/p>\n\n\n\n<ul class=\"wp-block-list\">\n<li><strong>Promover la participaci\u00f3n de la comunidad educativa:<\/strong>&nbsp;Fomenta la implicaci\u00f3n de todos los sectores de la comunidad educativa en la vida del centro.&nbsp;<\/li>\n\n\n\n<li><strong>Servir como \u00f3rgano consultivo:<\/strong>&nbsp;Es el principal \u00f3rgano consultivo y de participaci\u00f3n en materia de ense\u00f1anzas.&nbsp;<\/li>\n\n\n\n<li><strong>Participar en el nombramiento del director\/a:<\/strong>&nbsp;Se pueden formular propuestas para el nombramiento del director\/a del centro.&nbsp;<\/li>\n<\/ul>\n\n\n\n<p><strong>Instrucci\u00f3n relativa al proceso de elecci\u00f3n y renovaci\u00f3n del Consejo Escola<\/strong>r<\/p>\n\n\n\n<div data-wp-interactive=\"core\/file\" class=\"wp-block-file\"><object data-wp-bind--hidden=\"!state.hasPdfPreview\" hidden class=\"wp-block-file__embed\" data=\"https:\/\/colegios.educarex.es\/cpgarciasineriz\/wp-content\/uploads\/sites\/232\/2025\/03\/Instrucciones_Consejos_Escolares_25_26F.pdf\" type=\"application\/pdf\" style=\"width:100%;height:600px\" aria-label=\"Incrustado de Instrucciones_Consejos_Escolares_25_26(F).\"><\/object><a id=\"wp-block-file--media-d96f41d8-646d-4f0b-a1df-fad110e6bafd\" href=\"https:\/\/colegios.educarex.es\/cpgarciasineriz\/wp-content\/uploads\/sites\/232\/2025\/03\/Instrucciones_Consejos_Escolares_25_26F.pdf\">Instrucciones_Consejos_Escolares_25_26(F)<\/a><a href=\"https:\/\/colegios.educarex.es\/cpgarciasineriz\/wp-content\/uploads\/sites\/232\/2025\/03\/Instrucciones_Consejos_Escolares_25_26F.pdf\" class=\"wp-block-file__button wp-element-button\" download aria-describedby=\"wp-block-file--media-d96f41d8-646d-4f0b-a1df-fad110e6bafd\">Descarga<\/a><\/div>\n\n\n\n<p><\/p>\n","protected":false},"excerpt":{"rendered":"<p>Equipo DirectivoFern\u00e1ndez G\u00f3mez, Jos\u00e9 Gabriel (DIRECCI\u00d3N).Equipo Directivo Garc\u00eda Mart\u00ednez, Mar\u00eda (JEFATURA DE ESTUDIOS).Equipo Directivo Barquero Vecino, Francisco Javier (SECRETAR\u00cdA). (REPRESENTANTE DE LA A.M.P.A. MAYORITARIA).Madres y padres Rodr\u00edguez Pintado, Mar\u00eda del [&hellip;]<\/p>\n","protected":false},"author":1527,"featured_media":0,"parent":0,"menu_order":0,"comment_status":"closed","ping_status":"closed","template":"","meta":{"_uag_custom_page_level_css":"","_editorskit_title_hidden":false,"_editorskit_reading_time":0,"_editorskit_is_block_options_detached":false,"_editorskit_block_options_position":"{}","footnotes":""},"class_list":["post-1982","page","type-page","status-publish","hentry"],"uagb_featured_image_src":{"full":false,"thumbnail":false,"medium":false,"medium_large":false,"large":false,"1536x1536":false,"2048x2048":false},"uagb_author_info":{"display_name":"Jos\u00e9 Gabriel Fern\u00e1ndez G\u00f3mez","author_link":"https:\/\/colegios.educarex.es\/cpgarciasineriz\/author\/jgfernandezg01\/"},"uagb_comment_info":0,"uagb_excerpt":"Equipo DirectivoFern\u00e1ndez G\u00f3mez, Jos\u00e9 Gabriel (DIRECCI\u00d3N).Equipo Directivo Garc\u00eda Mart\u00ednez, Mar\u00eda (JEFATURA DE ESTUDIOS).Equipo Directivo Barquero Vecino, Francisco Javier (SECRETAR\u00cdA). (REPRESENTANTE DE LA A.M.P.A. MAYORITARIA).Madres y padres Rodr\u00edguez Pintado, Mar\u00eda del [&hellip;]","_links":{"self":[{"href":"https:\/\/colegios.educarex.es\/cpgarciasineriz\/wp-json\/wp\/v2\/pages\/1982","targetHints":{"allow":["GET"]}}],"collection":[{"href":"https:\/\/colegios.educarex.es\/cpgarciasineriz\/wp-json\/wp\/v2\/pages"}],"about":[{"href":"https:\/\/colegios.educarex.es\/cpgarciasineriz\/wp-json\/wp\/v2\/types\/page"}],"author":[{"embeddable":true,"href":"https:\/\/colegios.educarex.es\/cpgarciasineriz\/wp-json\/wp\/v2\/users\/1527"}],"replies":[{"embeddable":true,"href":"https:\/\/colegios.educarex.es\/cpgarciasineriz\/wp-json\/wp\/v2\/comments?post=1982"}],"version-history":[{"count":3,"href":"https:\/\/colegios.educarex.es\/cpgarciasineriz\/wp-json\/wp\/v2\/pages\/1982\/revisions"}],"predecessor-version":[{"id":2290,"href":"https:\/\/colegios.educarex.es\/cpgarciasineriz\/wp-json\/wp\/v2\/pages\/1982\/revisions\/2290"}],"wp:attachment":[{"href":"https:\/\/colegios.educarex.es\/cpgarciasineriz\/wp-json\/wp\/v2\/media?parent=1982"}],"curies":[{"name":"wp","href":"https:\/\/api.w.org\/{rel}","templated":true}]}}