{"id":1700,"date":"2025-02-19T17:06:57","date_gmt":"2025-02-19T16:06:57","guid":{"rendered":"https:\/\/colegios.educarex.es\/cpgarciasineriz\/?page_id=1700"},"modified":"2025-12-03T13:20:14","modified_gmt":"2025-12-03T12:20:14","slug":"aula-matinal","status":"publish","type":"page","link":"https:\/\/colegios.educarex.es\/cpgarciasineriz\/aula-matinal\/","title":{"rendered":"AULA MATINAL"},"content":{"rendered":"\n<p class=\"has-mobile-text-align-justify\">Estimadas familias:&nbsp;&nbsp;<\/p>\n\n\n\n<p>Seg\u00fan nos comunica el&nbsp;<strong>EPESEC<\/strong>&nbsp;(Ente P\u00fablico Extreme\u00f1o de Servicios Educativos Complementarios), de momento&nbsp;<strong>NO<\/strong>&nbsp;se ha producido la actualizaci\u00f3n de los precios p\u00fablicos de los&nbsp;<strong>servicios de comedor escolar&nbsp;y aula matinal.&nbsp;<\/strong><\/p>\n\n\n\n<p>En consecuencia,&nbsp;<strong>de momento<\/strong>&nbsp;los precios de ambos servicios permanen igual.<\/p>\n\n\n\n<p class=\"has-mobile-text-align-justify\">Cuando nos comuniquen los nuevos importes os informaremos por esta v\u00eda para que abon\u00e9is la diferencia, si hubiera cambios en la cuant\u00eda de estos servicios.<\/p>\n\n\n\n<p><em><strong>AULA MATINAL:&nbsp;Todos los usuarios del Aula Matinal abonar\u00e1n el precio mediante modelo 50<\/strong><\/em><\/p>\n\n\n\n<p><strong><em>&nbsp;&nbsp;-MES COMPLETO-<\/em><\/strong>\u2026\u2026&#8230;<strong>19,50<\/strong>\u20ac por alumno-a<\/p>\n\n\n\n<p>&nbsp;&nbsp;<strong><em>-D\u00cdAS SUELTOS<\/em><\/strong>-\u2026\u2026\u2026\u2026<strong>1,28<\/strong>\u20ac alumno-a\/d\u00eda<\/p>\n\n\n\n<ul class=\"wp-block-list\">\n<li><strong>C\u00d3DIGO DE INGRESO<\/strong>:&nbsp; 131241<\/li>\n\n\n\n<li><strong>CONCEPTO<\/strong>:&nbsp; AULA MATINAL- MES- NOMBRE COMPLETO DEL ALUMNO\/A y CURSO.<\/li>\n<\/ul>\n\n\n\n<p>(&nbsp;&nbsp;<a href=\"https:\/\/modelo050.juntaex.es\/modelo050\/\">https:\/\/modelo050.juntaex.es\/modelo050\/<\/a>&nbsp; )<\/p>\n\n\n\n<p><strong>IMPORTANTE:<\/strong><\/p>\n\n\n\n<p>Para todos los pagos, tanto de comedor como de Aula, que se realicen a trav\u00e9s del modelo 050, se depositar\u00e1 una copia en la Secretar\u00eda del centro.<\/p>\n\n\n\n<p>INFORMACI\u00d3N.<\/p>\n\n\n\n<div data-wp-interactive=\"core\/file\" class=\"wp-block-file\"><object data-wp-bind--hidden=\"!state.hasPdfPreview\" hidden class=\"wp-block-file__embed\" data=\"https:\/\/colegios.educarex.es\/cpgarciasineriz\/wp-content\/uploads\/sites\/232\/2025\/12\/Aula-Matinal.pdf\" type=\"application\/pdf\" style=\"width:100%;height:600px\" aria-label=\"Incrustado de Aula Matinal.\"><\/object><a id=\"wp-block-file--media-97cb73ff-dc0c-4cb9-9d9c-5f679dfd2c92\" href=\"https:\/\/colegios.educarex.es\/cpgarciasineriz\/wp-content\/uploads\/sites\/232\/2025\/12\/Aula-Matinal.pdf\">Aula Matinal<\/a><a href=\"https:\/\/colegios.educarex.es\/cpgarciasineriz\/wp-content\/uploads\/sites\/232\/2025\/12\/Aula-Matinal.pdf\" class=\"wp-block-file__button wp-element-button\" download aria-describedby=\"wp-block-file--media-97cb73ff-dc0c-4cb9-9d9c-5f679dfd2c92\">Descarga<\/a><\/div>\n\n\n\n<p>Orden que regula el AULA MATINAL:<\/p>\n\n\n\n<div data-wp-interactive=\"core\/file\" class=\"wp-block-file aligncenter\"><object data-wp-bind--hidden=\"!state.hasPdfPreview\" hidden class=\"wp-block-file__embed\" data=\"https:\/\/colegios.educarex.es\/cpgarciasineriz\/wp-content\/uploads\/sites\/232\/2025\/05\/INSTRUCCION_AULA_CON_ANEXOS.pdf\" type=\"application\/pdf\" style=\"width:100%;height:520px\" aria-label=\"Incrustado de INSTRUCCION_AULA_CON_ANEXOS.\"><\/object><a id=\"wp-block-file--media-d06ea86c-f5c2-4221-85e0-cfbd71141910\" href=\"https:\/\/colegios.educarex.es\/cpgarciasineriz\/wp-content\/uploads\/sites\/232\/2025\/05\/INSTRUCCION_AULA_CON_ANEXOS.pdf\" target=\"_blank\" rel=\"noreferrer noopener\">INSTRUCCION_AULA_CON_ANEXOS<\/a><a href=\"https:\/\/colegios.educarex.es\/cpgarciasineriz\/wp-content\/uploads\/sites\/232\/2025\/05\/INSTRUCCION_AULA_CON_ANEXOS.pdf\" class=\"wp-block-file__button wp-element-button\" download aria-describedby=\"wp-block-file--media-d06ea86c-f5c2-4221-85e0-cfbd71141910\">Descarga<\/a><\/div>\n\n\n\n<p><\/p>\n","protected":false},"excerpt":{"rendered":"<p>Estimadas familias:&nbsp;&nbsp; Seg\u00fan nos comunica el&nbsp;EPESEC&nbsp;(Ente P\u00fablico Extreme\u00f1o de Servicios Educativos Complementarios), de momento&nbsp;NO&nbsp;se ha producido la actualizaci\u00f3n de los precios p\u00fablicos de los&nbsp;servicios de comedor escolar&nbsp;y aula matinal.&nbsp; En [&hellip;]<\/p>\n","protected":false},"author":1527,"featured_media":0,"parent":0,"menu_order":0,"comment_status":"closed","ping_status":"closed","template":"","meta":{"_uag_custom_page_level_css":"","_editorskit_title_hidden":false,"_editorskit_reading_time":0,"_editorskit_is_block_options_detached":false,"_editorskit_block_options_position":"{}","footnotes":""},"class_list":["post-1700","page","type-page","status-publish","hentry"],"uagb_featured_image_src":{"full":false,"thumbnail":false,"medium":false,"medium_large":false,"large":false,"1536x1536":false,"2048x2048":false},"uagb_author_info":{"display_name":"Jos\u00e9 Gabriel Fern\u00e1ndez G\u00f3mez","author_link":"https:\/\/colegios.educarex.es\/cpgarciasineriz\/author\/jgfernandezg01\/"},"uagb_comment_info":0,"uagb_excerpt":"Estimadas familias:&nbsp;&nbsp; Seg\u00fan nos comunica el&nbsp;EPESEC&nbsp;(Ente P\u00fablico Extreme\u00f1o de Servicios Educativos Complementarios), de momento&nbsp;NO&nbsp;se ha producido la actualizaci\u00f3n de los precios p\u00fablicos de los&nbsp;servicios de comedor escolar&nbsp;y aula matinal.&nbsp; En [&hellip;]","_links":{"self":[{"href":"https:\/\/colegios.educarex.es\/cpgarciasineriz\/wp-json\/wp\/v2\/pages\/1700","targetHints":{"allow":["GET"]}}],"collection":[{"href":"https:\/\/colegios.educarex.es\/cpgarciasineriz\/wp-json\/wp\/v2\/pages"}],"about":[{"href":"https:\/\/colegios.educarex.es\/cpgarciasineriz\/wp-json\/wp\/v2\/types\/page"}],"author":[{"embeddable":true,"href":"https:\/\/colegios.educarex.es\/cpgarciasineriz\/wp-json\/wp\/v2\/users\/1527"}],"replies":[{"embeddable":true,"href":"https:\/\/colegios.educarex.es\/cpgarciasineriz\/wp-json\/wp\/v2\/comments?post=1700"}],"version-history":[{"count":3,"href":"https:\/\/colegios.educarex.es\/cpgarciasineriz\/wp-json\/wp\/v2\/pages\/1700\/revisions"}],"predecessor-version":[{"id":2322,"href":"https:\/\/colegios.educarex.es\/cpgarciasineriz\/wp-json\/wp\/v2\/pages\/1700\/revisions\/2322"}],"wp:attachment":[{"href":"https:\/\/colegios.educarex.es\/cpgarciasineriz\/wp-json\/wp\/v2\/media?parent=1700"}],"curies":[{"name":"wp","href":"https:\/\/api.w.org\/{rel}","templated":true}]}}