{"id":64,"date":"2023-02-01T11:19:31","date_gmt":"2023-02-01T10:19:31","guid":{"rendered":"https:\/\/colegios.educarex.es\/colmadrematilde\/?page_id=64"},"modified":"2025-03-10T12:57:47","modified_gmt":"2025-03-10T11:57:47","slug":"informacion","status":"publish","type":"page","link":"https:\/\/colegios.educarex.es\/colmadrematilde\/informacion\/","title":{"rendered":"Informaci\u00f3n"},"content":{"rendered":"\n<p>El Colegio Madre Matilde es un centro concertado de ense\u00f1anza ubicado en el centro de <strong>Plasencia<\/strong>. Imparte las tres etapas educativas con una l\u00ednea: <strong>Educaci\u00f3n Infantil, Primaria y Secundaria<\/strong>, garantizando una continuidad desde los 3 hasta los 16 a\u00f1os, promoviendo una educaci\u00f3n eficiente en un ambiente familiar. <\/p>\n\n\n\n<p>La Entidad Titular del Colegio es el Instituto de&nbsp;<strong>Hijas de Mar\u00eda Madre de la Iglesia<\/strong> (HMMI). Titularidad ejercida a trav\u00e9s de la organizaci\u00f3n interna propia de su Instituci\u00f3n y de la legislaci\u00f3n vigente de la Consejer\u00eda de Educaci\u00f3n de la Junta de Extremadura.<\/p>\n\n\n\n<p><strong>Datos<\/strong>:<\/p>\n\n\n\n<figure class=\"wp-block-table is-style-stripes\"><table><tbody><tr><td><strong>Nombre:<\/strong><\/td><td>Colegio Madre Matilde<\/td><\/tr><tr><td><strong>Direcci\u00f3n:<\/strong><\/td><td>C\/ Coria, 20<\/td><\/tr><tr><td><strong>C\u00f3digo Postal:<\/strong><\/td><td>10600<\/td><\/tr><tr><td><strong>Tel\u00e9fono:<\/strong><\/td><td>927 410 398<\/td><\/tr><tr><td><strong>E-mail:<\/strong><\/td><td><a class=\"ek-link\" href=\"mailto:ies.donosocortes@edu.juntaex.es\">col.madrematilde@educarex.es <\/a><\/td><\/tr><tr><td><strong>Web:<\/strong><\/td><td>https:\/\/colegios.educarex.es\/colmadrematilde\/<\/td><\/tr><tr><td><strong>C\u00f3digo de Centro:<\/strong><\/td><td>10004573<\/td><\/tr><tr><td>CIF: <\/td><td>R 1000124 F<\/td><\/tr><\/tbody><\/table><\/figure>\n\n\n\t\t\t<div \n\t\t\tclass=\"wp-block-uagb-google-map uagb-google-map__wrap uagb-block-6472e414     wp-block-uagb-google-map uagb-google-map__wrap uagb-block-6472e414\"\n\t\t\tstyle=\"\" >\n\t\t\t\t<embed\n\t\t\t\t\tclass=\"uagb-google-map__iframe\"\n\t\t\t\t\ttitle=\"Mapa de Google de\"\n\t\t\t\t\tsrc=\"https:\/\/maps.google.com\/maps?q=Colegio%20Madre%20Matilde&#038;z=17&#038;hl=en&#038;t=m&#038;output=embed&#038;iwloc=near\"\n\t\t\t\t\twidth=\"640\"\n\t\t\t\t\theight=\"500\"\n\t\t\t\t\tloading=\"lazy\"\n\t\t\t\t><\/embed>\n\t\t\t<\/div>\n\t\t\t","protected":false},"excerpt":{"rendered":"<p>El Colegio Madre Matilde es un centro concertado de ense\u00f1anza ubicado en el centro de Plasencia. Imparte las tres etapas educativas con una l\u00ednea: Educaci\u00f3n Infantil, Primaria y Secundaria, garantizando [&hellip;]<\/p>\n","protected":false},"author":2,"featured_media":484,"parent":0,"menu_order":0,"comment_status":"closed","ping_status":"closed","template":"","meta":{"_uag_custom_page_level_css":"","_editorskit_title_hidden":true,"_editorskit_reading_time":1,"_editorskit_is_block_options_detached":false,"_editorskit_block_options_position":"{}","footnotes":""},"class_list":["post-64","page","type-page","status-publish","has-post-thumbnail","hentry"],"uagb_featured_image_src":{"full":["https:\/\/colegios.educarex.es\/colmadrematilde\/wp-content\/uploads\/sites\/11\/2023\/03\/banner_espacio_informacion.png",1025,179,false],"thumbnail":["https:\/\/colegios.educarex.es\/colmadrematilde\/wp-content\/uploads\/sites\/11\/2023\/03\/banner_espacio_informacion.png",128,22,false],"medium":["https:\/\/colegios.educarex.es\/colmadrematilde\/wp-content\/uploads\/sites\/11\/2023\/03\/banner_espacio_informacion.png",1025,179,false],"medium_large":["https:\/\/colegios.educarex.es\/colmadrematilde\/wp-content\/uploads\/sites\/11\/2023\/03\/banner_espacio_informacion-768x134.png",768,134,true],"large":["https:\/\/colegios.educarex.es\/colmadrematilde\/wp-content\/uploads\/sites\/11\/2023\/03\/banner_espacio_informacion.png",1025,179,false],"1536x1536":["https:\/\/colegios.educarex.es\/colmadrematilde\/wp-content\/uploads\/sites\/11\/2023\/03\/banner_espacio_informacion.png",1025,179,false],"2048x2048":["https:\/\/colegios.educarex.es\/colmadrematilde\/wp-content\/uploads\/sites\/11\/2023\/03\/banner_espacio_informacion.png",1025,179,false]},"uagb_author_info":{"display_name":"Manuel Narv\u00e1ez Mart\u00ednez","author_link":"https:\/\/colegios.educarex.es\/colmadrematilde\/author\/admin257\/"},"uagb_comment_info":0,"uagb_excerpt":"El Colegio Madre Matilde es un centro concertado de ense\u00f1anza ubicado en el centro de Plasencia. Imparte las tres etapas educativas con una l\u00ednea: Educaci\u00f3n Infantil, Primaria y Secundaria, garantizando [&hellip;]","_links":{"self":[{"href":"https:\/\/colegios.educarex.es\/colmadrematilde\/wp-json\/wp\/v2\/pages\/64","targetHints":{"allow":["GET"]}}],"collection":[{"href":"https:\/\/colegios.educarex.es\/colmadrematilde\/wp-json\/wp\/v2\/pages"}],"about":[{"href":"https:\/\/colegios.educarex.es\/colmadrematilde\/wp-json\/wp\/v2\/types\/page"}],"author":[{"embeddable":true,"href":"https:\/\/colegios.educarex.es\/colmadrematilde\/wp-json\/wp\/v2\/users\/2"}],"replies":[{"embeddable":true,"href":"https:\/\/colegios.educarex.es\/colmadrematilde\/wp-json\/wp\/v2\/comments?post=64"}],"version-history":[{"count":3,"href":"https:\/\/colegios.educarex.es\/colmadrematilde\/wp-json\/wp\/v2\/pages\/64\/revisions"}],"predecessor-version":[{"id":1348,"href":"https:\/\/colegios.educarex.es\/colmadrematilde\/wp-json\/wp\/v2\/pages\/64\/revisions\/1348"}],"wp:featuredmedia":[{"embeddable":true,"href":"https:\/\/colegios.educarex.es\/colmadrematilde\/wp-json\/wp\/v2\/media\/484"}],"wp:attachment":[{"href":"https:\/\/colegios.educarex.es\/colmadrematilde\/wp-json\/wp\/v2\/media?parent=64"}],"curies":[{"name":"wp","href":"https:\/\/api.w.org\/{rel}","templated":true}]}}